{"id":8484,"date":"2024-12-11T17:40:23","date_gmt":"2024-12-11T16:40:23","guid":{"rendered":"https:\/\/abtavocats.ch\/?page_id=8484"},"modified":"2025-05-19T18:22:16","modified_gmt":"2025-05-19T16:22:16","slug":"tax-law","status":"publish","type":"page","link":"https:\/\/abtavocats.ch\/en\/tax-law\/","title":{"rendered":"Tax Law"},"content":{"rendered":"\t\t<div data-elementor-type=\"wp-page\" data-elementor-id=\"8484\" class=\"elementor elementor-8484 elementor-6994\">\n\t\t\t\t        <section class=\"elementor-section elementor-top-section elementor-element elementor-element-822aa68 elementor-section-boxed elementor-section-height-default elementor-section-height-default pxl-row-scroll-none pxl-bg-color-none pxl-section-overlay-none\" data-id=\"822aa68\" data-element_type=\"section\" data-settings=\"{&quot;background_background&quot;:&quot;classic&quot;}\">\n\n                \n                <div class=\"elementor-container elementor-column-gap-default \">\n                <div class=\"elementor-column elementor-col-100 elementor-top-column elementor-element elementor-element-c81c361 pxl-column-none pxl-column-overflow-hidden-no\" data-id=\"c81c361\" data-element_type=\"column\">\r\n        <div class=\"elementor-widget-wrap elementor-element-populated\">\r\n                     \r\n        \t\t<div class=\"elementor-element elementor-element-d477881 elementor-widget elementor-widget-pxl_heading\" data-id=\"d477881\" data-element_type=\"widget\" data-widget_type=\"pxl_heading.default\">\n\t\t\t\t<div class=\"elementor-widget-container\">\n\t\t\t\t\t<div id=\"pxl-pxl_heading-d477881-3062\" class=\"pxl-heading px-sub-title-default-style\">\n\t<div class=\"pxl-heading--inner\">\n\t\t\n\t\t\n\t\t<h1 class=\"pxl-item--title \" data-wow-delay=\"ms\">\n\t\t\tTax Law\t\t\n\t\t<\/h1>\n\n\t\t\n\t\t\n\t\t\t\t\n\t<\/div>\n<\/div>\t\t\t\t<\/div>\n\t\t\t\t<\/div>\n\t\t            <\/div>\r\n        <\/div>\r\n        \t\t\t<\/div>\n\t\t<\/section>\n\t\t        <section class=\"elementor-section elementor-top-section elementor-element elementor-element-c438f5e elementor-section-boxed elementor-section-height-default elementor-section-height-default pxl-row-scroll-none pxl-bg-color-none pxl-section-overlay-none\" data-id=\"c438f5e\" data-element_type=\"section\" data-settings=\"{&quot;background_background&quot;:&quot;classic&quot;}\">\n\n                \n                <div class=\"elementor-container elementor-column-gap-default \">\n                <div class=\"elementor-column elementor-col-50 elementor-top-column elementor-element elementor-element-2d242e7 pxl-column-none pxl-column-overflow-hidden-no\" data-id=\"2d242e7\" data-element_type=\"column\">\r\n        <div class=\"elementor-widget-wrap elementor-element-populated\">\r\n                     \r\n        \t\t<div class=\"elementor-element elementor-element-1398b0e elementor-widget elementor-widget-pxl_text_editor\" data-id=\"1398b0e\" data-element_type=\"widget\" data-widget_type=\"pxl_text_editor.default\">\n\t\t\t\t<div class=\"elementor-widget-container\">\n\t\t\t\t\t<div id=\"pxl_text_editor-1398b0e-2418\" class=\"pxl-image-wg\" duration=\"1\">\n\t<div class=\"pxl-text-editor\">\n\t\t<div class=\"pxl-item--inner \" data-wow-delay=\"ms\">\n\t\t\t<p>The firm offers a wide range of tax services tailored to private clients as well as Swiss and foreign SMEs. We handle matters related to all types of taxes, including income tax, wealth tax, inheritance tax, real estate capital gains tax, withholding tax, and VAT, both in Switzerland and in cases involving cross-border elements.<\/p><p>Our services include tax advice, tax optimization, obtaining tax rulings and lump-sum taxation agreements, tax compliance, securing tax exemptions, preparing tax returns and other forms, representing clients in administrative and judicial tax disputes (claims and appeals), drafting legal opinions, contract revisions for compliance or tax optimization, tax calculations, voluntary disclosures, and more.<\/p>\t\t\n\t\t<\/div>\n\t<\/div>\n<\/div>\t\t\t\t<\/div>\n\t\t\t\t<\/div>\n\t\t            <\/div>\r\n        <\/div>\r\n                <div class=\"elementor-column elementor-col-50 elementor-top-column elementor-element elementor-element-df55384 pxl-column-none pxl-column-overflow-hidden-no\" data-id=\"df55384\" data-element_type=\"column\">\r\n        <div class=\"elementor-widget-wrap elementor-element-populated\">\r\n                     \r\n        \t\t<div class=\"elementor-element elementor-element-b90bde0 elementor-widget elementor-widget-pxl_text_editor\" data-id=\"b90bde0\" data-element_type=\"widget\" data-widget_type=\"pxl_text_editor.default\">\n\t\t\t\t<div class=\"elementor-widget-container\">\n\t\t\t\t\t<div id=\"pxl_text_editor-b90bde0-8145\" class=\"pxl-image-wg\" duration=\"1\">\n\t<div class=\"pxl-text-editor\">\n\t\t<div class=\"pxl-item--inner \" data-wow-delay=\"ms\">\n\t\t\t<p>The firm&#8217;s attorneys also practice in the areas of tax criminal law and administrative assistance in tax matters, including information exchange upon request and automatic exchange of financial information. They are authorized to represent clients before any Swiss authority, administrative court, or other tribunal at both the cantonal and federal levels.<\/p>\t\t\n\t\t<\/div>\n\t<\/div>\n<\/div>\t\t\t\t<\/div>\n\t\t\t\t<\/div>\n\t\t\t\t<div class=\"elementor-element elementor-element-ab1eeac elementor-widget elementor-widget-button\" data-id=\"ab1eeac\" data-element_type=\"widget\" data-widget_type=\"button.default\">\n\t\t\t\t<div class=\"elementor-widget-container\">\n\t\t\t\t\t\t\t\t\t<div class=\"elementor-button-wrapper\">\n\t\t\t\t\t<a class=\"elementor-button elementor-button-link elementor-size-sm\" href=\"\/en\/contact-us\">\n\t\t\t\t\t\t<span class=\"elementor-button-content-wrapper\">\n\t\t\t\t\t\t\t\t\t<span class=\"elementor-button-text\">Contact Us<\/span>\n\t\t\t\t\t<\/span>\n\t\t\t\t\t<\/a>\n\t\t\t\t<\/div>\n\t\t\t\t\t\t\t\t<\/div>\n\t\t\t\t<\/div>\n\t\t            <\/div>\r\n        <\/div>\r\n        \t\t\t<\/div>\n\t\t<\/section>\n\t\t        <section class=\"elementor-section elementor-top-section elementor-element elementor-element-4a3478a elementor-section-boxed elementor-section-height-default elementor-section-height-default pxl-row-scroll-none pxl-bg-color-none pxl-section-overlay-none\" data-id=\"4a3478a\" data-element_type=\"section\" data-settings=\"{&quot;background_background&quot;:&quot;classic&quot;}\">\n\n                \n                <div class=\"elementor-container elementor-column-gap-default \">\n                <div class=\"elementor-column elementor-col-100 elementor-top-column elementor-element elementor-element-956af70 pxl-column-none pxl-column-overflow-hidden-no\" data-id=\"956af70\" data-element_type=\"column\">\r\n        <div class=\"elementor-widget-wrap elementor-element-populated\">\r\n                     \r\n        \t\t<div class=\"elementor-element elementor-element-8a6ca72 elementor-widget elementor-widget-pxl_heading\" data-id=\"8a6ca72\" data-element_type=\"widget\" data-widget_type=\"pxl_heading.default\">\n\t\t\t\t<div class=\"elementor-widget-container\">\n\t\t\t\t\t<div id=\"pxl-pxl_heading-8a6ca72-6894\" class=\"pxl-heading px-sub-title-default-style\">\n\t<div class=\"pxl-heading--inner\">\n\t\t\n\t\t\n\t\t<h2 class=\"pxl-item--title \" data-wow-delay=\"ms\">\n\t\t\tOther Practice Areas\t\t\n\t\t<\/h2>\n\n\t\t\n\t\t\n\t\t\t\t\n\t<\/div>\n<\/div>\t\t\t\t<\/div>\n\t\t\t\t<\/div>\n\t\t            <\/div>\r\n        <\/div>\r\n        \t\t\t<\/div>\n\t\t<\/section>\n\t\t        <section class=\"elementor-section elementor-top-section elementor-element elementor-element-1f172aee elementor-section-full_width elementor-section-stretched elementor-section-height-default elementor-section-height-default pxl-row-scroll-none pxl-full-content-with-space-none pxl-bg-color-none pxl-section-overlay-none\" data-id=\"1f172aee\" data-element_type=\"section\" data-settings=\"{&quot;stretch_section&quot;:&quot;section-stretched&quot;,&quot;background_background&quot;:&quot;classic&quot;}\">\n\n                \n                <div class=\"elementor-container elementor-column-gap-default \">\n                <div class=\"elementor-column elementor-col-33 elementor-top-column elementor-element elementor-element-23506c68 pxl-column-none pxl-column-overflow-hidden-no\" data-id=\"23506c68\" data-element_type=\"column\">\r\n        <div class=\"elementor-widget-wrap elementor-element-populated\">\r\n                     \r\n        \t\t<div class=\"elementor-element elementor-element-384a3560 elementor-widget elementor-widget-image\" data-id=\"384a3560\" data-element_type=\"widget\" data-widget_type=\"image.default\">\n\t\t\t\t<div class=\"elementor-widget-container\">\n\t\t\t\t\t\t\t\t\t\t\t\t\t\t\t\t<a href=\"\/en\/real-estate-law\">\n\t\t\t\t\t\t\t<img decoding=\"async\" width=\"1\" height=\"1\" src=\"https:\/\/abtavocats.ch\/app\/uploads\/2025\/03\/droit-immobilier-geneve_62748e-20pt_svgrepo.svg\" class=\"attachment-large size-large wp-image-8048\" alt=\"Logo repr\u00e9sentant des immeubles, illustrant le service de droit immobilier propos\u00e9 \u00e0 Gen\u00e8ve par l\u2019\u00e9tude d\u2019avocats ABT Avocats.\" \/>\t\t\t\t\t\t\t\t<\/a>\n\t\t\t\t\t\t\t\t\t\t\t\t\t\t\t<\/div>\n\t\t\t\t<\/div>\n\t\t\t\t<div class=\"elementor-element elementor-element-728457b4 elementor-widget elementor-widget-pxl_text_editor\" data-id=\"728457b4\" data-element_type=\"widget\" data-widget_type=\"pxl_text_editor.default\">\n\t\t\t\t<div class=\"elementor-widget-container\">\n\t\t\t\t\t<div id=\"pxl_text_editor-728457b4-4866\" class=\"pxl-image-wg\" duration=\"1\">\n\t<div class=\"pxl-text-editor\">\n\t\t<div class=\"pxl-item--inner \" data-wow-delay=\"ms\">\n\t\t\t<h3><a href=\"\/en\/real-estate-law\">Real Estate Law<\/a><\/h3>\t\t\n\t\t<\/div>\n\t<\/div>\n<\/div>\t\t\t\t<\/div>\n\t\t\t\t<\/div>\n\t\t\t\t<div class=\"elementor-element elementor-element-265025eb elementor-widget elementor-widget-pxl_text_editor\" data-id=\"265025eb\" data-element_type=\"widget\" data-widget_type=\"pxl_text_editor.default\">\n\t\t\t\t<div class=\"elementor-widget-container\">\n\t\t\t\t\t<div id=\"pxl_text_editor-265025eb-4864\" class=\"pxl-image-wg\" duration=\"1\">\n\t<div class=\"pxl-text-editor\">\n\t\t<div class=\"pxl-item--inner \" data-wow-delay=\"ms\">\n\t\t\t<p><a href=\"\/en\/real-estate-law\" data-wplink-edit=\"true\">Learn More<\/a><\/p>\t\t\n\t\t<\/div>\n\t<\/div>\n<\/div>\t\t\t\t<\/div>\n\t\t\t\t<\/div>\n\t\t            <\/div>\r\n        <\/div>\r\n                <div class=\"elementor-column elementor-col-33 elementor-top-column elementor-element elementor-element-3020c1e9 pxl-column-none pxl-column-overflow-hidden-no\" data-id=\"3020c1e9\" data-element_type=\"column\">\r\n        <div class=\"elementor-widget-wrap elementor-element-populated\">\r\n                     \r\n        \t\t<div class=\"elementor-element elementor-element-9be1976 elementor-widget elementor-widget-image\" data-id=\"9be1976\" data-element_type=\"widget\" data-widget_type=\"image.default\">\n\t\t\t\t<div class=\"elementor-widget-container\">\n\t\t\t\t\t\t\t\t\t\t\t\t\t\t\t\t<a href=\"\/en\/business-law\">\n\t\t\t\t\t\t\t<img decoding=\"async\" width=\"1\" height=\"1\" src=\"https:\/\/abtavocats.ch\/app\/uploads\/2025\/03\/droit-commercial-geneve_62748e-20pt_svgrepo.svg\" class=\"attachment-large size-large wp-image-8047\" alt=\"Logo repr\u00e9sentant un contrat, illustrant le service de droit commercial propos\u00e9 \u00e0 Gen\u00e8ve par l\u2019\u00e9tude d\u2019avocats ABT Avocats.\" \/>\t\t\t\t\t\t\t\t<\/a>\n\t\t\t\t\t\t\t\t\t\t\t\t\t\t\t<\/div>\n\t\t\t\t<\/div>\n\t\t\t\t<div class=\"elementor-element elementor-element-7f4d19e4 elementor-widget elementor-widget-pxl_text_editor\" data-id=\"7f4d19e4\" data-element_type=\"widget\" data-widget_type=\"pxl_text_editor.default\">\n\t\t\t\t<div class=\"elementor-widget-container\">\n\t\t\t\t\t<div id=\"pxl_text_editor-7f4d19e4-9782\" class=\"pxl-image-wg\" duration=\"1\">\n\t<div class=\"pxl-text-editor\">\n\t\t<div class=\"pxl-item--inner \" data-wow-delay=\"ms\">\n\t\t\t<h3><a href=\"\/en\/business-law\">Business Law<\/a><\/h3>\t\t\n\t\t<\/div>\n\t<\/div>\n<\/div>\t\t\t\t<\/div>\n\t\t\t\t<\/div>\n\t\t\t\t<div class=\"elementor-element elementor-element-270fc212 elementor-widget elementor-widget-pxl_text_editor\" data-id=\"270fc212\" data-element_type=\"widget\" data-widget_type=\"pxl_text_editor.default\">\n\t\t\t\t<div class=\"elementor-widget-container\">\n\t\t\t\t\t<div id=\"pxl_text_editor-270fc212-9126\" class=\"pxl-image-wg\" duration=\"1\">\n\t<div class=\"pxl-text-editor\">\n\t\t<div class=\"pxl-item--inner \" data-wow-delay=\"ms\">\n\t\t\t<p><a href=\"\/en\/business-law\" data-wplink-edit=\"true\">Learn More<\/a><\/p>\t\t\n\t\t<\/div>\n\t<\/div>\n<\/div>\t\t\t\t<\/div>\n\t\t\t\t<\/div>\n\t\t            <\/div>\r\n        <\/div>\r\n                <div class=\"elementor-column elementor-col-33 elementor-top-column elementor-element elementor-element-eb70b97 pxl-column-none pxl-column-overflow-hidden-no\" data-id=\"eb70b97\" data-element_type=\"column\">\r\n        <div class=\"elementor-widget-wrap elementor-element-populated\">\r\n                     \r\n        \t\t<div class=\"elementor-element elementor-element-50f912e elementor-widget elementor-widget-image\" data-id=\"50f912e\" data-element_type=\"widget\" data-widget_type=\"image.default\">\n\t\t\t\t<div class=\"elementor-widget-container\">\n\t\t\t\t\t\t\t\t\t\t\t\t\t\t\t\t<a href=\"\/en\/judicial-litigation\">\n\t\t\t\t\t\t\t<img decoding=\"async\" width=\"1\" height=\"1\" src=\"https:\/\/abtavocats.ch\/app\/uploads\/2025\/03\/contentieux-judiciaire-geneve_62748e-20pt_svgrepo.svg\" class=\"attachment-large size-large wp-image-8046\" alt=\"Logo repr\u00e9sentant une balance de la justice, illustrant le service de contentieux judiciaire propos\u00e9 \u00e0 Gen\u00e8ve par l\u2019\u00e9tude d\u2019avocats ABT Avocats.\" \/>\t\t\t\t\t\t\t\t<\/a>\n\t\t\t\t\t\t\t\t\t\t\t\t\t\t\t<\/div>\n\t\t\t\t<\/div>\n\t\t\t\t<div class=\"elementor-element elementor-element-2ba95f2 elementor-widget elementor-widget-pxl_text_editor\" data-id=\"2ba95f2\" data-element_type=\"widget\" data-widget_type=\"pxl_text_editor.default\">\n\t\t\t\t<div class=\"elementor-widget-container\">\n\t\t\t\t\t<div id=\"pxl_text_editor-2ba95f2-6956\" class=\"pxl-image-wg\" duration=\"1\">\n\t<div class=\"pxl-text-editor\">\n\t\t<div class=\"pxl-item--inner \" data-wow-delay=\"ms\">\n\t\t\t<h3><a href=\"\/en\/judicial-litigation\">Litigation<\/a><\/h3>\t\t\n\t\t<\/div>\n\t<\/div>\n<\/div>\t\t\t\t<\/div>\n\t\t\t\t<\/div>\n\t\t\t\t<div class=\"elementor-element elementor-element-bc08458 elementor-widget elementor-widget-pxl_text_editor\" data-id=\"bc08458\" data-element_type=\"widget\" data-widget_type=\"pxl_text_editor.default\">\n\t\t\t\t<div class=\"elementor-widget-container\">\n\t\t\t\t\t<div id=\"pxl_text_editor-bc08458-1164\" class=\"pxl-image-wg\" duration=\"1\">\n\t<div class=\"pxl-text-editor\">\n\t\t<div class=\"pxl-item--inner \" data-wow-delay=\"ms\">\n\t\t\t<p><a href=\"\/en\/judicial-litigation\" data-wplink-edit=\"true\">Learn More<\/a><\/p>\t\t\n\t\t<\/div>\n\t<\/div>\n<\/div>\t\t\t\t<\/div>\n\t\t\t\t<\/div>\n\t\t            <\/div>\r\n        <\/div>\r\n        \t\t\t<\/div>\n\t\t<\/section>\n\t\t\t\t<\/div>\n\t\t","protected":false},"excerpt":{"rendered":"<p>Tax Law The firm offers a wide range of tax services tailored to private clients as well as Swiss and foreign SMEs. We handle matters related to all types of taxes, including income tax, wealth tax, inheritance tax, real estate capital gains tax, withholding tax, and VAT, both in Switzerland and in cases involving cross-border [&hellip;]<\/p>\n","protected":false},"author":3,"featured_media":8435,"parent":0,"menu_order":0,"comment_status":"closed","ping_status":"closed","template":"","meta":{"footnotes":""},"class_list":["post-8484","page","type-page","status-publish","has-post-thumbnail","hentry"],"yoast_head":"<!-- This site is optimized with the Yoast SEO plugin v24.8.1 - https:\/\/yoast.com\/wordpress\/plugins\/seo\/ -->\n<title>Tax Law | ABT Avocats<\/title>\n<meta name=\"description\" content=\"ABT Avocats provides tax law services to private clients and Swiss or foreign SMEs, handling all tax types, including cross-border cases.\" \/>\n<meta name=\"robots\" content=\"index, follow, max-snippet:-1, max-image-preview:large, max-video-preview:-1\" \/>\n<link rel=\"canonical\" href=\"https:\/\/abtavocats.ch\/en\/tax-law\/\" \/>\n<meta property=\"og:locale\" content=\"en_US\" \/>\n<meta property=\"og:type\" content=\"article\" \/>\n<meta property=\"og:title\" content=\"Tax Law | ABT Avocats\" \/>\n<meta property=\"og:description\" content=\"ABT Avocats provides tax law services to private clients and Swiss or foreign SMEs, handling all tax types, including cross-border cases.\" \/>\n<meta property=\"og:url\" content=\"https:\/\/abtavocats.ch\/en\/tax-law\/\" \/>\n<meta property=\"og:site_name\" content=\"ABT Avocats\" \/>\n<meta property=\"article:modified_time\" content=\"2025-05-19T16:22:16+00:00\" \/>\n<meta property=\"og:image\" content=\"https:\/\/abtavocats.ch\/app\/uploads\/2025\/04\/ABT-avocats-geneve_Etude.jpg\" \/>\n\t<meta property=\"og:image:width\" content=\"1200\" \/>\n\t<meta property=\"og:image:height\" content=\"630\" \/>\n\t<meta property=\"og:image:type\" content=\"image\/jpeg\" \/>\n<meta name=\"twitter:card\" content=\"summary_large_image\" \/>\n<meta name=\"twitter:label1\" content=\"Est. reading time\" \/>\n\t<meta name=\"twitter:data1\" content=\"1 minute\" \/>\n<script type=\"application\/ld+json\" class=\"yoast-schema-graph\">{\"@context\":\"https:\/\/schema.org\",\"@graph\":[{\"@type\":\"WebPage\",\"@id\":\"https:\/\/abtavocats.ch\/en\/tax-law\/\",\"url\":\"https:\/\/abtavocats.ch\/en\/tax-law\/\",\"name\":\"Tax Law | ABT Avocats\",\"isPartOf\":{\"@id\":\"https:\/\/abtavocats.ch\/en\/#website\"},\"primaryImageOfPage\":{\"@id\":\"https:\/\/abtavocats.ch\/en\/tax-law\/#primaryimage\"},\"image\":{\"@id\":\"https:\/\/abtavocats.ch\/en\/tax-law\/#primaryimage\"},\"thumbnailUrl\":\"https:\/\/abtavocats.ch\/app\/uploads\/2025\/04\/ABT-avocats-geneve_Etude.jpg\",\"datePublished\":\"2024-12-11T16:40:23+00:00\",\"dateModified\":\"2025-05-19T16:22:16+00:00\",\"description\":\"ABT Avocats provides tax law services to private clients and Swiss or foreign SMEs, handling all tax types, including cross-border cases.\",\"breadcrumb\":{\"@id\":\"https:\/\/abtavocats.ch\/en\/tax-law\/#breadcrumb\"},\"inLanguage\":\"en-US\",\"potentialAction\":[{\"@type\":\"ReadAction\",\"target\":[\"https:\/\/abtavocats.ch\/en\/tax-law\/\"]}]},{\"@type\":\"ImageObject\",\"inLanguage\":\"en-US\",\"@id\":\"https:\/\/abtavocats.ch\/en\/tax-law\/#primaryimage\",\"url\":\"https:\/\/abtavocats.ch\/app\/uploads\/2025\/04\/ABT-avocats-geneve_Etude.jpg\",\"contentUrl\":\"https:\/\/abtavocats.ch\/app\/uploads\/2025\/04\/ABT-avocats-geneve_Etude.jpg\",\"width\":1200,\"height\":630,\"caption\":\"Logo ABT avocats, a law firm in Geneva, specializing in tax law, real estate law, and business law.\"},{\"@type\":\"BreadcrumbList\",\"@id\":\"https:\/\/abtavocats.ch\/en\/tax-law\/#breadcrumb\",\"itemListElement\":[{\"@type\":\"ListItem\",\"position\":1,\"name\":\"Home\",\"item\":\"https:\/\/abtavocats.ch\/en\/\"},{\"@type\":\"ListItem\",\"position\":2,\"name\":\"Tax Law\"}]},{\"@type\":\"WebSite\",\"@id\":\"https:\/\/abtavocats.ch\/en\/#website\",\"url\":\"https:\/\/abtavocats.ch\/en\/\",\"name\":\"ABT Avocats\",\"description\":\"Etude d&#039;avocats \u00e0 Gen\u00e8ve\",\"publisher\":{\"@id\":\"https:\/\/abtavocats.ch\/en\/#organization\"},\"potentialAction\":[{\"@type\":\"SearchAction\",\"target\":{\"@type\":\"EntryPoint\",\"urlTemplate\":\"https:\/\/abtavocats.ch\/en\/?s={search_term_string}\"},\"query-input\":{\"@type\":\"PropertyValueSpecification\",\"valueRequired\":true,\"valueName\":\"search_term_string\"}}],\"inLanguage\":\"en-US\"},{\"@type\":\"Organization\",\"@id\":\"https:\/\/abtavocats.ch\/en\/#organization\",\"name\":\"ABT Avocats\",\"url\":\"https:\/\/abtavocats.ch\/en\/\",\"logo\":{\"@type\":\"ImageObject\",\"inLanguage\":\"en-US\",\"@id\":\"https:\/\/abtavocats.ch\/en\/#\/schema\/logo\/image\/\",\"url\":\"https:\/\/abtavocats.ch\/app\/uploads\/2024\/03\/Logo-ABT_Avocats.png\",\"contentUrl\":\"https:\/\/abtavocats.ch\/app\/uploads\/2024\/03\/Logo-ABT_Avocats.png\",\"width\":496,\"height\":192,\"caption\":\"ABT Avocats\"},\"image\":{\"@id\":\"https:\/\/abtavocats.ch\/en\/#\/schema\/logo\/image\/\"},\"sameAs\":[\"https:\/\/www.linkedin.com\/company\/abt-avocats\/\"]}]}<\/script>\n<!-- \/ Yoast SEO plugin. -->","yoast_head_json":{"title":"Tax Law | ABT Avocats","description":"ABT Avocats provides tax law services to private clients and Swiss or foreign SMEs, handling all tax types, including cross-border cases.","robots":{"index":"index","follow":"follow","max-snippet":"max-snippet:-1","max-image-preview":"max-image-preview:large","max-video-preview":"max-video-preview:-1"},"canonical":"https:\/\/abtavocats.ch\/en\/tax-law\/","og_locale":"en_US","og_type":"article","og_title":"Tax Law | ABT Avocats","og_description":"ABT Avocats provides tax law services to private clients and Swiss or foreign SMEs, handling all tax types, including cross-border cases.","og_url":"https:\/\/abtavocats.ch\/en\/tax-law\/","og_site_name":"ABT Avocats","article_modified_time":"2025-05-19T16:22:16+00:00","og_image":[{"width":1200,"height":630,"url":"https:\/\/abtavocats.ch\/app\/uploads\/2025\/04\/ABT-avocats-geneve_Etude.jpg","type":"image\/jpeg"}],"twitter_card":"summary_large_image","twitter_misc":{"Est. reading time":"1 minute"},"schema":{"@context":"https:\/\/schema.org","@graph":[{"@type":"WebPage","@id":"https:\/\/abtavocats.ch\/en\/tax-law\/","url":"https:\/\/abtavocats.ch\/en\/tax-law\/","name":"Tax Law | ABT Avocats","isPartOf":{"@id":"https:\/\/abtavocats.ch\/en\/#website"},"primaryImageOfPage":{"@id":"https:\/\/abtavocats.ch\/en\/tax-law\/#primaryimage"},"image":{"@id":"https:\/\/abtavocats.ch\/en\/tax-law\/#primaryimage"},"thumbnailUrl":"https:\/\/abtavocats.ch\/app\/uploads\/2025\/04\/ABT-avocats-geneve_Etude.jpg","datePublished":"2024-12-11T16:40:23+00:00","dateModified":"2025-05-19T16:22:16+00:00","description":"ABT Avocats provides tax law services to private clients and Swiss or foreign SMEs, handling all tax types, including cross-border cases.","breadcrumb":{"@id":"https:\/\/abtavocats.ch\/en\/tax-law\/#breadcrumb"},"inLanguage":"en-US","potentialAction":[{"@type":"ReadAction","target":["https:\/\/abtavocats.ch\/en\/tax-law\/"]}]},{"@type":"ImageObject","inLanguage":"en-US","@id":"https:\/\/abtavocats.ch\/en\/tax-law\/#primaryimage","url":"https:\/\/abtavocats.ch\/app\/uploads\/2025\/04\/ABT-avocats-geneve_Etude.jpg","contentUrl":"https:\/\/abtavocats.ch\/app\/uploads\/2025\/04\/ABT-avocats-geneve_Etude.jpg","width":1200,"height":630,"caption":"Logo ABT avocats, a law firm in Geneva, specializing in tax law, real estate law, and business law."},{"@type":"BreadcrumbList","@id":"https:\/\/abtavocats.ch\/en\/tax-law\/#breadcrumb","itemListElement":[{"@type":"ListItem","position":1,"name":"Home","item":"https:\/\/abtavocats.ch\/en\/"},{"@type":"ListItem","position":2,"name":"Tax Law"}]},{"@type":"WebSite","@id":"https:\/\/abtavocats.ch\/en\/#website","url":"https:\/\/abtavocats.ch\/en\/","name":"ABT Avocats","description":"Etude d&#039;avocats \u00e0 Gen\u00e8ve","publisher":{"@id":"https:\/\/abtavocats.ch\/en\/#organization"},"potentialAction":[{"@type":"SearchAction","target":{"@type":"EntryPoint","urlTemplate":"https:\/\/abtavocats.ch\/en\/?s={search_term_string}"},"query-input":{"@type":"PropertyValueSpecification","valueRequired":true,"valueName":"search_term_string"}}],"inLanguage":"en-US"},{"@type":"Organization","@id":"https:\/\/abtavocats.ch\/en\/#organization","name":"ABT Avocats","url":"https:\/\/abtavocats.ch\/en\/","logo":{"@type":"ImageObject","inLanguage":"en-US","@id":"https:\/\/abtavocats.ch\/en\/#\/schema\/logo\/image\/","url":"https:\/\/abtavocats.ch\/app\/uploads\/2024\/03\/Logo-ABT_Avocats.png","contentUrl":"https:\/\/abtavocats.ch\/app\/uploads\/2024\/03\/Logo-ABT_Avocats.png","width":496,"height":192,"caption":"ABT Avocats"},"image":{"@id":"https:\/\/abtavocats.ch\/en\/#\/schema\/logo\/image\/"},"sameAs":["https:\/\/www.linkedin.com\/company\/abt-avocats\/"]}]}},"_links":{"self":[{"href":"https:\/\/abtavocats.ch\/en\/wp-json\/wp\/v2\/pages\/8484","targetHints":{"allow":["GET"]}}],"collection":[{"href":"https:\/\/abtavocats.ch\/en\/wp-json\/wp\/v2\/pages"}],"about":[{"href":"https:\/\/abtavocats.ch\/en\/wp-json\/wp\/v2\/types\/page"}],"author":[{"embeddable":true,"href":"https:\/\/abtavocats.ch\/en\/wp-json\/wp\/v2\/users\/3"}],"replies":[{"embeddable":true,"href":"https:\/\/abtavocats.ch\/en\/wp-json\/wp\/v2\/comments?post=8484"}],"version-history":[{"count":11,"href":"https:\/\/abtavocats.ch\/en\/wp-json\/wp\/v2\/pages\/8484\/revisions"}],"predecessor-version":[{"id":8651,"href":"https:\/\/abtavocats.ch\/en\/wp-json\/wp\/v2\/pages\/8484\/revisions\/8651"}],"wp:featuredmedia":[{"embeddable":true,"href":"https:\/\/abtavocats.ch\/en\/wp-json\/wp\/v2\/media\/8435"}],"wp:attachment":[{"href":"https:\/\/abtavocats.ch\/en\/wp-json\/wp\/v2\/media?parent=8484"}],"curies":[{"name":"wp","href":"https:\/\/api.w.org\/{rel}","templated":true}]}}