{"id":8488,"date":"2024-12-11T17:42:49","date_gmt":"2024-12-11T16:42:49","guid":{"rendered":"https:\/\/abtavocats.ch\/?page_id=8488"},"modified":"2025-05-19T18:23:17","modified_gmt":"2025-05-19T16:23:17","slug":"real-estate-law","status":"publish","type":"page","link":"https:\/\/abtavocats.ch\/en\/real-estate-law\/","title":{"rendered":"Real Estate Law"},"content":{"rendered":"\t\t<div data-elementor-type=\"wp-page\" data-elementor-id=\"8488\" class=\"elementor elementor-8488 elementor-6999\">\n\t\t\t\t        <section class=\"elementor-section elementor-top-section elementor-element elementor-element-410e5a50 elementor-section-boxed elementor-section-height-default elementor-section-height-default pxl-row-scroll-none pxl-bg-color-none pxl-section-overlay-none\" data-id=\"410e5a50\" data-element_type=\"section\" data-settings=\"{&quot;background_background&quot;:&quot;classic&quot;}\">\n\n                \n                <div class=\"elementor-container elementor-column-gap-default \">\n                <div class=\"elementor-column elementor-col-100 elementor-top-column elementor-element elementor-element-3f894427 pxl-column-none pxl-column-overflow-hidden-no\" data-id=\"3f894427\" data-element_type=\"column\">\r\n        <div class=\"elementor-widget-wrap elementor-element-populated\">\r\n                     \r\n        \t\t<div class=\"elementor-element elementor-element-e14bb9c elementor-widget elementor-widget-pxl_heading\" data-id=\"e14bb9c\" data-element_type=\"widget\" data-widget_type=\"pxl_heading.default\">\n\t\t\t\t<div class=\"elementor-widget-container\">\n\t\t\t\t\t<div id=\"pxl-pxl_heading-e14bb9c-2119\" class=\"pxl-heading px-sub-title-default-style\">\n\t<div class=\"pxl-heading--inner\">\n\t\t\n\t\t\n\t\t<h1 class=\"pxl-item--title \" data-wow-delay=\"ms\">\n\t\t\tReal Estate Law\t\t\n\t\t<\/h1>\n\n\t\t\n\t\t\n\t\t\t\t\n\t<\/div>\n<\/div>\t\t\t\t<\/div>\n\t\t\t\t<\/div>\n\t\t            <\/div>\r\n        <\/div>\r\n        \t\t\t<\/div>\n\t\t<\/section>\n\t\t        <section class=\"elementor-section elementor-top-section elementor-element elementor-element-55c16a9d elementor-section-boxed elementor-section-height-default elementor-section-height-default pxl-row-scroll-none pxl-bg-color-none pxl-section-overlay-none\" data-id=\"55c16a9d\" data-element_type=\"section\" data-settings=\"{&quot;background_background&quot;:&quot;classic&quot;}\">\n\n                \n                <div class=\"elementor-container elementor-column-gap-default \">\n                <div class=\"elementor-column elementor-col-50 elementor-top-column elementor-element elementor-element-5d05fa78 pxl-column-none pxl-column-overflow-hidden-no\" data-id=\"5d05fa78\" data-element_type=\"column\">\r\n        <div class=\"elementor-widget-wrap elementor-element-populated\">\r\n                     \r\n        \t\t<div class=\"elementor-element elementor-element-64a9fb75 elementor-widget elementor-widget-pxl_text_editor\" data-id=\"64a9fb75\" data-element_type=\"widget\" data-widget_type=\"pxl_text_editor.default\">\n\t\t\t\t<div class=\"elementor-widget-container\">\n\t\t\t\t\t<div id=\"pxl_text_editor-64a9fb75-4761\" class=\"pxl-image-wg\" duration=\"1\">\n\t<div class=\"pxl-text-editor\">\n\t\t<div class=\"pxl-item--inner \" data-wow-delay=\"ms\">\n\t\t\t<p>ABT Avocats operates in all areas of real estate law. In this capacity, our attorneys assist clients in the planning, financing, and execution of their real estate projects, as well as in the management of their properties.<\/p><p>The firm specializes in land use planning, public and private construction law (obtaining building permits, architect mandates, total or general contractor agreements, subcontracting, etc.), as well as real estate acquisition, lease law (rental and usufructuary leases), condominium ownership law, and property management contracts.<\/p>\t\t\n\t\t<\/div>\n\t<\/div>\n<\/div>\t\t\t\t<\/div>\n\t\t\t\t<\/div>\n\t\t            <\/div>\r\n        <\/div>\r\n                <div class=\"elementor-column elementor-col-50 elementor-top-column elementor-element elementor-element-4850ca8a pxl-column-none pxl-column-overflow-hidden-no\" data-id=\"4850ca8a\" data-element_type=\"column\">\r\n        <div class=\"elementor-widget-wrap elementor-element-populated\">\r\n                     \r\n        \t\t<div class=\"elementor-element elementor-element-2640042b elementor-widget elementor-widget-pxl_text_editor\" data-id=\"2640042b\" data-element_type=\"widget\" data-widget_type=\"pxl_text_editor.default\">\n\t\t\t\t<div class=\"elementor-widget-container\">\n\t\t\t\t\t<div id=\"pxl_text_editor-2640042b-5406\" class=\"pxl-image-wg\" duration=\"1\">\n\t<div class=\"pxl-text-editor\">\n\t\t<div class=\"pxl-item--inner \" data-wow-delay=\"ms\">\n\t\t\tABT Avocats also regularly handles disputes related to mobile telephony base stations, particularly concerning regulations on non-ionizing radiation.\t\t\n\t\t<\/div>\n\t<\/div>\n<\/div>\t\t\t\t<\/div>\n\t\t\t\t<\/div>\n\t\t\t\t<div class=\"elementor-element elementor-element-296ae5c elementor-widget elementor-widget-button\" data-id=\"296ae5c\" data-element_type=\"widget\" data-widget_type=\"button.default\">\n\t\t\t\t<div class=\"elementor-widget-container\">\n\t\t\t\t\t\t\t\t\t<div class=\"elementor-button-wrapper\">\n\t\t\t\t\t<a class=\"elementor-button elementor-button-link elementor-size-sm\" href=\"\/en\/contact-us\">\n\t\t\t\t\t\t<span class=\"elementor-button-content-wrapper\">\n\t\t\t\t\t\t\t\t\t<span class=\"elementor-button-text\">Contact Us<\/span>\n\t\t\t\t\t<\/span>\n\t\t\t\t\t<\/a>\n\t\t\t\t<\/div>\n\t\t\t\t\t\t\t\t<\/div>\n\t\t\t\t<\/div>\n\t\t            <\/div>\r\n        <\/div>\r\n        \t\t\t<\/div>\n\t\t<\/section>\n\t\t        <section class=\"elementor-section elementor-top-section elementor-element elementor-element-3c3a5912 elementor-section-boxed elementor-section-height-default elementor-section-height-default pxl-row-scroll-none pxl-bg-color-none pxl-section-overlay-none\" data-id=\"3c3a5912\" data-element_type=\"section\" data-settings=\"{&quot;background_background&quot;:&quot;classic&quot;}\">\n\n                \n                <div class=\"elementor-container elementor-column-gap-default \">\n                <div class=\"elementor-column elementor-col-100 elementor-top-column elementor-element elementor-element-76facdb4 pxl-column-none pxl-column-overflow-hidden-no\" data-id=\"76facdb4\" data-element_type=\"column\">\r\n        <div class=\"elementor-widget-wrap elementor-element-populated\">\r\n                     \r\n        \t\t<div class=\"elementor-element elementor-element-79ba2fe1 elementor-widget elementor-widget-pxl_heading\" data-id=\"79ba2fe1\" data-element_type=\"widget\" data-widget_type=\"pxl_heading.default\">\n\t\t\t\t<div class=\"elementor-widget-container\">\n\t\t\t\t\t<div id=\"pxl-pxl_heading-79ba2fe1-3759\" class=\"pxl-heading px-sub-title-default-style\">\n\t<div class=\"pxl-heading--inner\">\n\t\t\n\t\t\n\t\t<h2 class=\"pxl-item--title \" data-wow-delay=\"ms\">\n\t\t\tOther Practice Areas\t\t\n\t\t<\/h2>\n\n\t\t\n\t\t\n\t\t\t\t\n\t<\/div>\n<\/div>\t\t\t\t<\/div>\n\t\t\t\t<\/div>\n\t\t            <\/div>\r\n        <\/div>\r\n        \t\t\t<\/div>\n\t\t<\/section>\n\t\t        <section class=\"elementor-section elementor-top-section elementor-element elementor-element-3c3003b4 elementor-section-full_width elementor-section-stretched elementor-section-height-default elementor-section-height-default pxl-row-scroll-none pxl-full-content-with-space-none pxl-bg-color-none pxl-section-overlay-none\" data-id=\"3c3003b4\" data-element_type=\"section\" data-settings=\"{&quot;stretch_section&quot;:&quot;section-stretched&quot;,&quot;background_background&quot;:&quot;classic&quot;}\">\n\n                \n                <div class=\"elementor-container elementor-column-gap-default \">\n                <div class=\"elementor-column elementor-col-33 elementor-top-column elementor-element elementor-element-59ff9f6 pxl-column-none pxl-column-overflow-hidden-no\" data-id=\"59ff9f6\" data-element_type=\"column\">\r\n        <div class=\"elementor-widget-wrap elementor-element-populated\">\r\n                     \r\n        \t\t<div class=\"elementor-element elementor-element-59496b87 elementor-widget elementor-widget-image\" data-id=\"59496b87\" data-element_type=\"widget\" data-widget_type=\"image.default\">\n\t\t\t\t<div class=\"elementor-widget-container\">\n\t\t\t\t\t\t\t\t\t\t\t\t\t\t\t\t<a href=\"\/en\/tax-law\">\n\t\t\t\t\t\t\t<img decoding=\"async\" width=\"1\" height=\"1\" src=\"https:\/\/abtavocats.ch\/app\/uploads\/2025\/03\/droit-fiscal-geneve_62748e-20pt_svgrepo.svg\" class=\"attachment-large size-large wp-image-8049\" alt=\"Logo repr\u00e9sentant la devise du franc suisse, illustrant le service de droit fiscal propos\u00e9 \u00e0 Gen\u00e8ve par l\u2019\u00e9tude d\u2019avocats ABT Avocats.\" \/>\t\t\t\t\t\t\t\t<\/a>\n\t\t\t\t\t\t\t\t\t\t\t\t\t\t\t<\/div>\n\t\t\t\t<\/div>\n\t\t\t\t<div class=\"elementor-element elementor-element-8118a81 elementor-widget elementor-widget-pxl_text_editor\" data-id=\"8118a81\" data-element_type=\"widget\" data-widget_type=\"pxl_text_editor.default\">\n\t\t\t\t<div class=\"elementor-widget-container\">\n\t\t\t\t\t<div id=\"pxl_text_editor-8118a81-7077\" class=\"pxl-image-wg\" duration=\"1\">\n\t<div class=\"pxl-text-editor\">\n\t\t<div class=\"pxl-item--inner \" data-wow-delay=\"ms\">\n\t\t\t<h3><a href=\"\/en\/tax-law\">Tax Law<\/a><\/h3>\t\t\n\t\t<\/div>\n\t<\/div>\n<\/div>\t\t\t\t<\/div>\n\t\t\t\t<\/div>\n\t\t\t\t<div class=\"elementor-element elementor-element-790082b2 elementor-widget elementor-widget-pxl_text_editor\" data-id=\"790082b2\" data-element_type=\"widget\" data-widget_type=\"pxl_text_editor.default\">\n\t\t\t\t<div class=\"elementor-widget-container\">\n\t\t\t\t\t<div id=\"pxl_text_editor-790082b2-8561\" class=\"pxl-image-wg\" duration=\"1\">\n\t<div class=\"pxl-text-editor\">\n\t\t<div class=\"pxl-item--inner \" data-wow-delay=\"ms\">\n\t\t\t<p><a href=\"\/en\/tax-law\" data-wplink-edit=\"true\">Learn More<\/a><\/p>\t\t\n\t\t<\/div>\n\t<\/div>\n<\/div>\t\t\t\t<\/div>\n\t\t\t\t<\/div>\n\t\t            <\/div>\r\n        <\/div>\r\n                <div class=\"elementor-column elementor-col-33 elementor-top-column elementor-element elementor-element-5ef71e08 pxl-column-none pxl-column-overflow-hidden-no\" data-id=\"5ef71e08\" data-element_type=\"column\">\r\n        <div class=\"elementor-widget-wrap elementor-element-populated\">\r\n                     \r\n        \t\t<div class=\"elementor-element elementor-element-2e3b15d4 elementor-widget elementor-widget-image\" data-id=\"2e3b15d4\" data-element_type=\"widget\" data-widget_type=\"image.default\">\n\t\t\t\t<div class=\"elementor-widget-container\">\n\t\t\t\t\t\t\t\t\t\t\t\t\t\t\t\t<a href=\"\/en\/business-law\">\n\t\t\t\t\t\t\t<img decoding=\"async\" width=\"1\" height=\"1\" src=\"https:\/\/abtavocats.ch\/app\/uploads\/2025\/03\/droit-commercial-geneve_62748e-20pt_svgrepo.svg\" class=\"attachment-large size-large wp-image-8047\" alt=\"Logo repr\u00e9sentant un contrat, illustrant le service de droit commercial propos\u00e9 \u00e0 Gen\u00e8ve par l\u2019\u00e9tude d\u2019avocats ABT Avocats.\" \/>\t\t\t\t\t\t\t\t<\/a>\n\t\t\t\t\t\t\t\t\t\t\t\t\t\t\t<\/div>\n\t\t\t\t<\/div>\n\t\t\t\t<div class=\"elementor-element elementor-element-5ad09e2d elementor-widget elementor-widget-pxl_text_editor\" data-id=\"5ad09e2d\" data-element_type=\"widget\" data-widget_type=\"pxl_text_editor.default\">\n\t\t\t\t<div class=\"elementor-widget-container\">\n\t\t\t\t\t<div id=\"pxl_text_editor-5ad09e2d-7517\" class=\"pxl-image-wg\" duration=\"1\">\n\t<div class=\"pxl-text-editor\">\n\t\t<div class=\"pxl-item--inner \" data-wow-delay=\"ms\">\n\t\t\t<h3><a href=\"\/en\/business-law\">Business Law<\/a><\/h3>\t\t\n\t\t<\/div>\n\t<\/div>\n<\/div>\t\t\t\t<\/div>\n\t\t\t\t<\/div>\n\t\t\t\t<div class=\"elementor-element elementor-element-5c34ab4f elementor-widget elementor-widget-pxl_text_editor\" data-id=\"5c34ab4f\" data-element_type=\"widget\" data-widget_type=\"pxl_text_editor.default\">\n\t\t\t\t<div class=\"elementor-widget-container\">\n\t\t\t\t\t<div id=\"pxl_text_editor-5c34ab4f-4283\" class=\"pxl-image-wg\" duration=\"1\">\n\t<div class=\"pxl-text-editor\">\n\t\t<div class=\"pxl-item--inner \" data-wow-delay=\"ms\">\n\t\t\t<p><a href=\"\/en\/business-law\" data-wplink-edit=\"true\">Learn More<\/a><\/p>\t\t\n\t\t<\/div>\n\t<\/div>\n<\/div>\t\t\t\t<\/div>\n\t\t\t\t<\/div>\n\t\t            <\/div>\r\n        <\/div>\r\n                <div class=\"elementor-column elementor-col-33 elementor-top-column elementor-element elementor-element-548bd54 pxl-column-none pxl-column-overflow-hidden-no\" data-id=\"548bd54\" data-element_type=\"column\">\r\n        <div class=\"elementor-widget-wrap elementor-element-populated\">\r\n                     \r\n        \t\t<div class=\"elementor-element elementor-element-5db0a30 elementor-widget elementor-widget-image\" data-id=\"5db0a30\" data-element_type=\"widget\" data-widget_type=\"image.default\">\n\t\t\t\t<div class=\"elementor-widget-container\">\n\t\t\t\t\t\t\t\t\t\t\t\t\t\t\t\t<a href=\"\/en\/judicial-litigation\">\n\t\t\t\t\t\t\t<img decoding=\"async\" width=\"1\" height=\"1\" src=\"https:\/\/abtavocats.ch\/app\/uploads\/2025\/03\/contentieux-judiciaire-geneve_62748e-20pt_svgrepo.svg\" class=\"attachment-large size-large wp-image-8046\" alt=\"Logo repr\u00e9sentant une balance de la justice, illustrant le service de contentieux judiciaire propos\u00e9 \u00e0 Gen\u00e8ve par l\u2019\u00e9tude d\u2019avocats ABT Avocats.\" \/>\t\t\t\t\t\t\t\t<\/a>\n\t\t\t\t\t\t\t\t\t\t\t\t\t\t\t<\/div>\n\t\t\t\t<\/div>\n\t\t\t\t<div class=\"elementor-element elementor-element-d9ed8fa elementor-widget elementor-widget-pxl_text_editor\" data-id=\"d9ed8fa\" data-element_type=\"widget\" data-widget_type=\"pxl_text_editor.default\">\n\t\t\t\t<div class=\"elementor-widget-container\">\n\t\t\t\t\t<div id=\"pxl_text_editor-d9ed8fa-3010\" class=\"pxl-image-wg\" duration=\"1\">\n\t<div class=\"pxl-text-editor\">\n\t\t<div class=\"pxl-item--inner \" data-wow-delay=\"ms\">\n\t\t\t<h3><a href=\"\/en\/judicial-litigation\">Litigation<\/a><\/h3>\t\t\n\t\t<\/div>\n\t<\/div>\n<\/div>\t\t\t\t<\/div>\n\t\t\t\t<\/div>\n\t\t\t\t<div class=\"elementor-element elementor-element-c8d06c9 elementor-widget elementor-widget-pxl_text_editor\" data-id=\"c8d06c9\" data-element_type=\"widget\" data-widget_type=\"pxl_text_editor.default\">\n\t\t\t\t<div class=\"elementor-widget-container\">\n\t\t\t\t\t<div id=\"pxl_text_editor-c8d06c9-4291\" class=\"pxl-image-wg\" duration=\"1\">\n\t<div class=\"pxl-text-editor\">\n\t\t<div class=\"pxl-item--inner \" data-wow-delay=\"ms\">\n\t\t\t<p><a href=\"\/en\/judicial-litigation\" data-wplink-edit=\"true\">Learn More<\/a><\/p>\t\t\n\t\t<\/div>\n\t<\/div>\n<\/div>\t\t\t\t<\/div>\n\t\t\t\t<\/div>\n\t\t            <\/div>\r\n        <\/div>\r\n        \t\t\t<\/div>\n\t\t<\/section>\n\t\t\t\t<\/div>\n\t\t","protected":false},"excerpt":{"rendered":"<p>Real Estate Law ABT Avocats operates in all areas of real estate law. In this capacity, our attorneys assist clients in the planning, financing, and execution of their real estate projects, as well as in the management of their properties. The firm specializes in land use planning, public and private construction law (obtaining building permits, [&hellip;]<\/p>\n","protected":false},"author":3,"featured_media":8435,"parent":0,"menu_order":0,"comment_status":"closed","ping_status":"closed","template":"","meta":{"footnotes":""},"class_list":["post-8488","page","type-page","status-publish","has-post-thumbnail","hentry"],"yoast_head":"<!-- This site is optimized with the Yoast SEO plugin v24.8.1 - https:\/\/yoast.com\/wordpress\/plugins\/seo\/ -->\n<title>Real Estate Law | ABT Avocats<\/title>\n<meta name=\"description\" content=\"ABT Avocats handles all aspects of real estate law, assisting clients with planning, financing, execution, and property management.\" \/>\n<meta name=\"robots\" content=\"index, follow, max-snippet:-1, max-image-preview:large, max-video-preview:-1\" \/>\n<link rel=\"canonical\" href=\"https:\/\/abtavocats.ch\/en\/real-estate-law\/\" \/>\n<meta property=\"og:locale\" content=\"en_US\" \/>\n<meta property=\"og:type\" content=\"article\" \/>\n<meta property=\"og:title\" content=\"Real Estate Law | ABT Avocats\" \/>\n<meta property=\"og:description\" content=\"ABT Avocats handles all aspects of real estate law, assisting clients with planning, financing, execution, and property management.\" \/>\n<meta property=\"og:url\" content=\"https:\/\/abtavocats.ch\/en\/real-estate-law\/\" \/>\n<meta property=\"og:site_name\" content=\"ABT Avocats\" \/>\n<meta property=\"article:modified_time\" content=\"2025-05-19T16:23:17+00:00\" \/>\n<meta property=\"og:image\" content=\"https:\/\/abtavocats.ch\/app\/uploads\/2025\/04\/ABT-avocats-geneve_Etude.jpg\" \/>\n\t<meta property=\"og:image:width\" content=\"1200\" \/>\n\t<meta property=\"og:image:height\" content=\"630\" \/>\n\t<meta property=\"og:image:type\" content=\"image\/jpeg\" \/>\n<meta name=\"twitter:card\" content=\"summary_large_image\" \/>\n<meta name=\"twitter:label1\" content=\"Est. reading time\" \/>\n\t<meta name=\"twitter:data1\" content=\"1 minute\" \/>\n<script type=\"application\/ld+json\" class=\"yoast-schema-graph\">{\"@context\":\"https:\/\/schema.org\",\"@graph\":[{\"@type\":\"WebPage\",\"@id\":\"https:\/\/abtavocats.ch\/en\/real-estate-law\/\",\"url\":\"https:\/\/abtavocats.ch\/en\/real-estate-law\/\",\"name\":\"Real Estate Law | ABT Avocats\",\"isPartOf\":{\"@id\":\"https:\/\/abtavocats.ch\/en\/#website\"},\"primaryImageOfPage\":{\"@id\":\"https:\/\/abtavocats.ch\/en\/real-estate-law\/#primaryimage\"},\"image\":{\"@id\":\"https:\/\/abtavocats.ch\/en\/real-estate-law\/#primaryimage\"},\"thumbnailUrl\":\"https:\/\/abtavocats.ch\/app\/uploads\/2025\/04\/ABT-avocats-geneve_Etude.jpg\",\"datePublished\":\"2024-12-11T16:42:49+00:00\",\"dateModified\":\"2025-05-19T16:23:17+00:00\",\"description\":\"ABT Avocats handles all aspects of real estate law, assisting clients with planning, financing, execution, and property management.\",\"breadcrumb\":{\"@id\":\"https:\/\/abtavocats.ch\/en\/real-estate-law\/#breadcrumb\"},\"inLanguage\":\"en-US\",\"potentialAction\":[{\"@type\":\"ReadAction\",\"target\":[\"https:\/\/abtavocats.ch\/en\/real-estate-law\/\"]}]},{\"@type\":\"ImageObject\",\"inLanguage\":\"en-US\",\"@id\":\"https:\/\/abtavocats.ch\/en\/real-estate-law\/#primaryimage\",\"url\":\"https:\/\/abtavocats.ch\/app\/uploads\/2025\/04\/ABT-avocats-geneve_Etude.jpg\",\"contentUrl\":\"https:\/\/abtavocats.ch\/app\/uploads\/2025\/04\/ABT-avocats-geneve_Etude.jpg\",\"width\":1200,\"height\":630,\"caption\":\"Logo ABT avocats, a law firm in Geneva, specializing in tax law, real estate law, and business law.\"},{\"@type\":\"BreadcrumbList\",\"@id\":\"https:\/\/abtavocats.ch\/en\/real-estate-law\/#breadcrumb\",\"itemListElement\":[{\"@type\":\"ListItem\",\"position\":1,\"name\":\"Home\",\"item\":\"https:\/\/abtavocats.ch\/en\/\"},{\"@type\":\"ListItem\",\"position\":2,\"name\":\"Real Estate Law\"}]},{\"@type\":\"WebSite\",\"@id\":\"https:\/\/abtavocats.ch\/en\/#website\",\"url\":\"https:\/\/abtavocats.ch\/en\/\",\"name\":\"ABT Avocats\",\"description\":\"Etude d&#039;avocats \u00e0 Gen\u00e8ve\",\"publisher\":{\"@id\":\"https:\/\/abtavocats.ch\/en\/#organization\"},\"potentialAction\":[{\"@type\":\"SearchAction\",\"target\":{\"@type\":\"EntryPoint\",\"urlTemplate\":\"https:\/\/abtavocats.ch\/en\/?s={search_term_string}\"},\"query-input\":{\"@type\":\"PropertyValueSpecification\",\"valueRequired\":true,\"valueName\":\"search_term_string\"}}],\"inLanguage\":\"en-US\"},{\"@type\":\"Organization\",\"@id\":\"https:\/\/abtavocats.ch\/en\/#organization\",\"name\":\"ABT Avocats\",\"url\":\"https:\/\/abtavocats.ch\/en\/\",\"logo\":{\"@type\":\"ImageObject\",\"inLanguage\":\"en-US\",\"@id\":\"https:\/\/abtavocats.ch\/en\/#\/schema\/logo\/image\/\",\"url\":\"https:\/\/abtavocats.ch\/app\/uploads\/2024\/03\/Logo-ABT_Avocats.png\",\"contentUrl\":\"https:\/\/abtavocats.ch\/app\/uploads\/2024\/03\/Logo-ABT_Avocats.png\",\"width\":496,\"height\":192,\"caption\":\"ABT Avocats\"},\"image\":{\"@id\":\"https:\/\/abtavocats.ch\/en\/#\/schema\/logo\/image\/\"},\"sameAs\":[\"https:\/\/www.linkedin.com\/company\/abt-avocats\/\"]}]}<\/script>\n<!-- \/ Yoast SEO plugin. -->","yoast_head_json":{"title":"Real Estate Law | ABT Avocats","description":"ABT Avocats handles all aspects of real estate law, assisting clients with planning, financing, execution, and property management.","robots":{"index":"index","follow":"follow","max-snippet":"max-snippet:-1","max-image-preview":"max-image-preview:large","max-video-preview":"max-video-preview:-1"},"canonical":"https:\/\/abtavocats.ch\/en\/real-estate-law\/","og_locale":"en_US","og_type":"article","og_title":"Real Estate Law | ABT Avocats","og_description":"ABT Avocats handles all aspects of real estate law, assisting clients with planning, financing, execution, and property management.","og_url":"https:\/\/abtavocats.ch\/en\/real-estate-law\/","og_site_name":"ABT Avocats","article_modified_time":"2025-05-19T16:23:17+00:00","og_image":[{"width":1200,"height":630,"url":"https:\/\/abtavocats.ch\/app\/uploads\/2025\/04\/ABT-avocats-geneve_Etude.jpg","type":"image\/jpeg"}],"twitter_card":"summary_large_image","twitter_misc":{"Est. reading time":"1 minute"},"schema":{"@context":"https:\/\/schema.org","@graph":[{"@type":"WebPage","@id":"https:\/\/abtavocats.ch\/en\/real-estate-law\/","url":"https:\/\/abtavocats.ch\/en\/real-estate-law\/","name":"Real Estate Law | ABT Avocats","isPartOf":{"@id":"https:\/\/abtavocats.ch\/en\/#website"},"primaryImageOfPage":{"@id":"https:\/\/abtavocats.ch\/en\/real-estate-law\/#primaryimage"},"image":{"@id":"https:\/\/abtavocats.ch\/en\/real-estate-law\/#primaryimage"},"thumbnailUrl":"https:\/\/abtavocats.ch\/app\/uploads\/2025\/04\/ABT-avocats-geneve_Etude.jpg","datePublished":"2024-12-11T16:42:49+00:00","dateModified":"2025-05-19T16:23:17+00:00","description":"ABT Avocats handles all aspects of real estate law, assisting clients with planning, financing, execution, and property management.","breadcrumb":{"@id":"https:\/\/abtavocats.ch\/en\/real-estate-law\/#breadcrumb"},"inLanguage":"en-US","potentialAction":[{"@type":"ReadAction","target":["https:\/\/abtavocats.ch\/en\/real-estate-law\/"]}]},{"@type":"ImageObject","inLanguage":"en-US","@id":"https:\/\/abtavocats.ch\/en\/real-estate-law\/#primaryimage","url":"https:\/\/abtavocats.ch\/app\/uploads\/2025\/04\/ABT-avocats-geneve_Etude.jpg","contentUrl":"https:\/\/abtavocats.ch\/app\/uploads\/2025\/04\/ABT-avocats-geneve_Etude.jpg","width":1200,"height":630,"caption":"Logo ABT avocats, a law firm in Geneva, specializing in tax law, real estate law, and business law."},{"@type":"BreadcrumbList","@id":"https:\/\/abtavocats.ch\/en\/real-estate-law\/#breadcrumb","itemListElement":[{"@type":"ListItem","position":1,"name":"Home","item":"https:\/\/abtavocats.ch\/en\/"},{"@type":"ListItem","position":2,"name":"Real Estate Law"}]},{"@type":"WebSite","@id":"https:\/\/abtavocats.ch\/en\/#website","url":"https:\/\/abtavocats.ch\/en\/","name":"ABT Avocats","description":"Etude d&#039;avocats \u00e0 Gen\u00e8ve","publisher":{"@id":"https:\/\/abtavocats.ch\/en\/#organization"},"potentialAction":[{"@type":"SearchAction","target":{"@type":"EntryPoint","urlTemplate":"https:\/\/abtavocats.ch\/en\/?s={search_term_string}"},"query-input":{"@type":"PropertyValueSpecification","valueRequired":true,"valueName":"search_term_string"}}],"inLanguage":"en-US"},{"@type":"Organization","@id":"https:\/\/abtavocats.ch\/en\/#organization","name":"ABT Avocats","url":"https:\/\/abtavocats.ch\/en\/","logo":{"@type":"ImageObject","inLanguage":"en-US","@id":"https:\/\/abtavocats.ch\/en\/#\/schema\/logo\/image\/","url":"https:\/\/abtavocats.ch\/app\/uploads\/2024\/03\/Logo-ABT_Avocats.png","contentUrl":"https:\/\/abtavocats.ch\/app\/uploads\/2024\/03\/Logo-ABT_Avocats.png","width":496,"height":192,"caption":"ABT Avocats"},"image":{"@id":"https:\/\/abtavocats.ch\/en\/#\/schema\/logo\/image\/"},"sameAs":["https:\/\/www.linkedin.com\/company\/abt-avocats\/"]}]}},"_links":{"self":[{"href":"https:\/\/abtavocats.ch\/en\/wp-json\/wp\/v2\/pages\/8488","targetHints":{"allow":["GET"]}}],"collection":[{"href":"https:\/\/abtavocats.ch\/en\/wp-json\/wp\/v2\/pages"}],"about":[{"href":"https:\/\/abtavocats.ch\/en\/wp-json\/wp\/v2\/types\/page"}],"author":[{"embeddable":true,"href":"https:\/\/abtavocats.ch\/en\/wp-json\/wp\/v2\/users\/3"}],"replies":[{"embeddable":true,"href":"https:\/\/abtavocats.ch\/en\/wp-json\/wp\/v2\/comments?post=8488"}],"version-history":[{"count":14,"href":"https:\/\/abtavocats.ch\/en\/wp-json\/wp\/v2\/pages\/8488\/revisions"}],"predecessor-version":[{"id":8650,"href":"https:\/\/abtavocats.ch\/en\/wp-json\/wp\/v2\/pages\/8488\/revisions\/8650"}],"wp:featuredmedia":[{"embeddable":true,"href":"https:\/\/abtavocats.ch\/en\/wp-json\/wp\/v2\/media\/8435"}],"wp:attachment":[{"href":"https:\/\/abtavocats.ch\/en\/wp-json\/wp\/v2\/media?parent=8488"}],"curies":[{"name":"wp","href":"https:\/\/api.w.org\/{rel}","templated":true}]}}