{"id":8492,"date":"2024-12-11T17:42:44","date_gmt":"2024-12-11T16:42:44","guid":{"rendered":"https:\/\/abtavocats.ch\/?page_id=8492"},"modified":"2025-05-19T18:20:24","modified_gmt":"2025-05-19T16:20:24","slug":"business-law","status":"publish","type":"page","link":"https:\/\/abtavocats.ch\/en\/business-law\/","title":{"rendered":"Business Law"},"content":{"rendered":"\t\t<div data-elementor-type=\"wp-page\" data-elementor-id=\"8492\" class=\"elementor elementor-8492 elementor-7000\">\n\t\t\t\t        <section class=\"elementor-section elementor-top-section elementor-element elementor-element-6588984e elementor-section-boxed elementor-section-height-default elementor-section-height-default pxl-row-scroll-none pxl-bg-color-none pxl-section-overlay-none\" data-id=\"6588984e\" data-element_type=\"section\" data-settings=\"{&quot;background_background&quot;:&quot;classic&quot;}\">\n\n                \n                <div class=\"elementor-container elementor-column-gap-default \">\n                <div class=\"elementor-column elementor-col-100 elementor-top-column elementor-element elementor-element-195b96d2 pxl-column-none pxl-column-overflow-hidden-no\" data-id=\"195b96d2\" data-element_type=\"column\">\r\n        <div class=\"elementor-widget-wrap elementor-element-populated\">\r\n                     \r\n        \t\t<div class=\"elementor-element elementor-element-f7c1275 elementor-widget elementor-widget-pxl_heading\" data-id=\"f7c1275\" data-element_type=\"widget\" data-widget_type=\"pxl_heading.default\">\n\t\t\t\t<div class=\"elementor-widget-container\">\n\t\t\t\t\t<div id=\"pxl-pxl_heading-f7c1275-5296\" class=\"pxl-heading px-sub-title-default-style\">\n\t<div class=\"pxl-heading--inner\">\n\t\t\n\t\t\n\t\t<h1 class=\"pxl-item--title \" data-wow-delay=\"ms\">\n\t\t\tBusiness Law\t\t\n\t\t<\/h1>\n\n\t\t\n\t\t\n\t\t\t\t\n\t<\/div>\n<\/div>\t\t\t\t<\/div>\n\t\t\t\t<\/div>\n\t\t            <\/div>\r\n        <\/div>\r\n        \t\t\t<\/div>\n\t\t<\/section>\n\t\t        <section class=\"elementor-section elementor-top-section elementor-element elementor-element-2d40a1c elementor-section-boxed elementor-section-height-default elementor-section-height-default pxl-row-scroll-none pxl-bg-color-none pxl-section-overlay-none\" data-id=\"2d40a1c\" data-element_type=\"section\" data-settings=\"{&quot;background_background&quot;:&quot;classic&quot;}\">\n\n                \n                <div class=\"elementor-container elementor-column-gap-default \">\n                <div class=\"elementor-column elementor-col-50 elementor-top-column elementor-element elementor-element-2865d3cb pxl-column-none pxl-column-overflow-hidden-no\" data-id=\"2865d3cb\" data-element_type=\"column\">\r\n        <div class=\"elementor-widget-wrap elementor-element-populated\">\r\n                     \r\n        \t\t<div class=\"elementor-element elementor-element-552290c0 elementor-widget elementor-widget-pxl_text_editor\" data-id=\"552290c0\" data-element_type=\"widget\" data-widget_type=\"pxl_text_editor.default\">\n\t\t\t\t<div class=\"elementor-widget-container\">\n\t\t\t\t\t<div id=\"pxl_text_editor-552290c0-3840\" class=\"pxl-image-wg\" duration=\"1\">\n\t<div class=\"pxl-text-editor\">\n\t\t<div class=\"pxl-item--inner \" data-wow-delay=\"ms\">\n\t\t\t<p class=\"p1\">The firm provides legal assistance to clients in the implementation of their business projects and in commercial disputes. It offers guidance on the most effective approach to conducting transactions, drafts the necessary documents (commercial contracts, shareholder agreements, articles of incorporation, etc.), and supports clients at every stage of the process, including due diligence, the organization of general meetings, and the completion of formalities with the commercial register.<\/p><p class=\"p1\">The firm\u2019s business law practice also includes corporate housekeeping, ensuring the proactive and meticulous management of companies\u2019 legal and administrative obligations. This encompasses the organization of general meetings and board meetings, maintaining shareholder and beneficial owner registers, and updating legal documents.<\/p>\t\t\n\t\t<\/div>\n\t<\/div>\n<\/div>\t\t\t\t<\/div>\n\t\t\t\t<\/div>\n\t\t            <\/div>\r\n        <\/div>\r\n                <div class=\"elementor-column elementor-col-50 elementor-top-column elementor-element elementor-element-a8bed78 pxl-column-none pxl-column-overflow-hidden-no\" data-id=\"a8bed78\" data-element_type=\"column\">\r\n        <div class=\"elementor-widget-wrap elementor-element-populated\">\r\n                     \r\n        \t\t<div class=\"elementor-element elementor-element-21c46c7 elementor-widget elementor-widget-pxl_text_editor\" data-id=\"21c46c7\" data-element_type=\"widget\" data-widget_type=\"pxl_text_editor.default\">\n\t\t\t\t<div class=\"elementor-widget-container\">\n\t\t\t\t\t<div id=\"pxl_text_editor-21c46c7-4163\" class=\"pxl-image-wg\" duration=\"1\">\n\t<div class=\"pxl-text-editor\">\n\t\t<div class=\"pxl-item--inner \" data-wow-delay=\"ms\">\n\t\t\t<p>We ensure that your company remains compliant with legal requirements while streamlining your administrative processes. The firm\u2019s attorneys, affiliated with a self-regulatory organization, are authorized to serve as external board members.<\/p>\t\t\n\t\t<\/div>\n\t<\/div>\n<\/div>\t\t\t\t<\/div>\n\t\t\t\t<\/div>\n\t\t\t\t<div class=\"elementor-element elementor-element-e9c6fa3 elementor-widget elementor-widget-button\" data-id=\"e9c6fa3\" data-element_type=\"widget\" data-widget_type=\"button.default\">\n\t\t\t\t<div class=\"elementor-widget-container\">\n\t\t\t\t\t\t\t\t\t<div class=\"elementor-button-wrapper\">\n\t\t\t\t\t<a class=\"elementor-button elementor-button-link elementor-size-sm\" href=\"\/en\/contact-us\">\n\t\t\t\t\t\t<span class=\"elementor-button-content-wrapper\">\n\t\t\t\t\t\t\t\t\t<span class=\"elementor-button-text\">Contact Us<\/span>\n\t\t\t\t\t<\/span>\n\t\t\t\t\t<\/a>\n\t\t\t\t<\/div>\n\t\t\t\t\t\t\t\t<\/div>\n\t\t\t\t<\/div>\n\t\t            <\/div>\r\n        <\/div>\r\n        \t\t\t<\/div>\n\t\t<\/section>\n\t\t        <section class=\"elementor-section elementor-top-section elementor-element elementor-element-3c5d6d5a elementor-section-boxed elementor-section-height-default elementor-section-height-default pxl-row-scroll-none pxl-bg-color-none pxl-section-overlay-none\" data-id=\"3c5d6d5a\" data-element_type=\"section\" data-settings=\"{&quot;background_background&quot;:&quot;classic&quot;}\">\n\n                            <div class=\"elementor-background-overlay\"><\/div>\n            \n                <div class=\"elementor-container elementor-column-gap-default \">\n                <div class=\"elementor-column elementor-col-100 elementor-top-column elementor-element elementor-element-77924b13 pxl-column-none pxl-column-overflow-hidden-no\" data-id=\"77924b13\" data-element_type=\"column\">\r\n        <div class=\"elementor-widget-wrap elementor-element-populated\">\r\n                     \r\n        \t\t<div class=\"elementor-element elementor-element-53348281 elementor-widget elementor-widget-pxl_heading\" data-id=\"53348281\" data-element_type=\"widget\" data-widget_type=\"pxl_heading.default\">\n\t\t\t\t<div class=\"elementor-widget-container\">\n\t\t\t\t\t<div id=\"pxl-pxl_heading-53348281-8903\" class=\"pxl-heading px-sub-title-default-style\">\n\t<div class=\"pxl-heading--inner\">\n\t\t\n\t\t\n\t\t<h2 class=\"pxl-item--title \" data-wow-delay=\"ms\">\n\t\t\tOther Practice Areas\t\t\n\t\t<\/h2>\n\n\t\t\n\t\t\n\t\t\t\t\n\t<\/div>\n<\/div>\t\t\t\t<\/div>\n\t\t\t\t<\/div>\n\t\t            <\/div>\r\n        <\/div>\r\n        \t\t\t<\/div>\n\t\t<\/section>\n\t\t        <section class=\"elementor-section elementor-top-section elementor-element elementor-element-3e9af88e elementor-section-full_width elementor-section-stretched elementor-section-height-default elementor-section-height-default pxl-row-scroll-none pxl-full-content-with-space-none pxl-bg-color-none pxl-section-overlay-none\" data-id=\"3e9af88e\" data-element_type=\"section\" data-settings=\"{&quot;stretch_section&quot;:&quot;section-stretched&quot;,&quot;background_background&quot;:&quot;classic&quot;}\">\n\n                            <div class=\"elementor-background-overlay\"><\/div>\n            \n                <div class=\"elementor-container elementor-column-gap-default \">\n                <div class=\"elementor-column elementor-col-33 elementor-top-column elementor-element elementor-element-560bb2a3 pxl-column-none pxl-column-overflow-hidden-no\" data-id=\"560bb2a3\" data-element_type=\"column\">\r\n        <div class=\"elementor-widget-wrap elementor-element-populated\">\r\n                     \r\n        \t\t<div class=\"elementor-element elementor-element-204a0ea7 elementor-widget elementor-widget-image\" data-id=\"204a0ea7\" data-element_type=\"widget\" data-widget_type=\"image.default\">\n\t\t\t\t<div class=\"elementor-widget-container\">\n\t\t\t\t\t\t\t\t\t\t\t\t\t\t\t\t<a href=\"\/en\/real-estate-law\">\n\t\t\t\t\t\t\t<img decoding=\"async\" width=\"1\" height=\"1\" src=\"https:\/\/abtavocats.ch\/app\/uploads\/2025\/03\/droit-immobilier-geneve_62748e-20pt_svgrepo.svg\" class=\"attachment-large size-large wp-image-8048\" alt=\"Logo repr\u00e9sentant des immeubles, illustrant le service de droit immobilier propos\u00e9 \u00e0 Gen\u00e8ve par l\u2019\u00e9tude d\u2019avocats ABT Avocats.\" \/>\t\t\t\t\t\t\t\t<\/a>\n\t\t\t\t\t\t\t\t\t\t\t\t\t\t\t<\/div>\n\t\t\t\t<\/div>\n\t\t\t\t<div class=\"elementor-element elementor-element-377abd12 elementor-widget elementor-widget-pxl_text_editor\" data-id=\"377abd12\" data-element_type=\"widget\" data-widget_type=\"pxl_text_editor.default\">\n\t\t\t\t<div class=\"elementor-widget-container\">\n\t\t\t\t\t<div id=\"pxl_text_editor-377abd12-3836\" class=\"pxl-image-wg\" duration=\"1\">\n\t<div class=\"pxl-text-editor\">\n\t\t<div class=\"pxl-item--inner \" data-wow-delay=\"ms\">\n\t\t\t<h3><a href=\"\/en\/real-estate-law\">Real Estate Law<\/a><\/h3>\t\t\n\t\t<\/div>\n\t<\/div>\n<\/div>\t\t\t\t<\/div>\n\t\t\t\t<\/div>\n\t\t\t\t<div class=\"elementor-element elementor-element-2c4e68f6 elementor-widget elementor-widget-pxl_text_editor\" data-id=\"2c4e68f6\" data-element_type=\"widget\" data-widget_type=\"pxl_text_editor.default\">\n\t\t\t\t<div class=\"elementor-widget-container\">\n\t\t\t\t\t<div id=\"pxl_text_editor-2c4e68f6-9058\" class=\"pxl-image-wg\" duration=\"1\">\n\t<div class=\"pxl-text-editor\">\n\t\t<div class=\"pxl-item--inner \" data-wow-delay=\"ms\">\n\t\t\t<p><a href=\"\/en\/real-estate-law\" data-wplink-edit=\"true\">Learn More<\/a><\/p>\t\t\n\t\t<\/div>\n\t<\/div>\n<\/div>\t\t\t\t<\/div>\n\t\t\t\t<\/div>\n\t\t            <\/div>\r\n        <\/div>\r\n                <div class=\"elementor-column elementor-col-33 elementor-top-column elementor-element elementor-element-69fb8aa1 pxl-column-none pxl-column-overflow-hidden-no\" data-id=\"69fb8aa1\" data-element_type=\"column\">\r\n        <div class=\"elementor-widget-wrap elementor-element-populated\">\r\n                     \r\n        \t\t<div class=\"elementor-element elementor-element-42c72504 elementor-widget elementor-widget-image\" data-id=\"42c72504\" data-element_type=\"widget\" data-widget_type=\"image.default\">\n\t\t\t\t<div class=\"elementor-widget-container\">\n\t\t\t\t\t\t\t\t\t\t\t\t\t\t\t\t<a href=\"\/en\/tax-law\">\n\t\t\t\t\t\t\t<img decoding=\"async\" width=\"1\" height=\"1\" src=\"https:\/\/abtavocats.ch\/app\/uploads\/2025\/03\/droit-fiscal-geneve_62748e-20pt_svgrepo.svg\" class=\"attachment-large size-large wp-image-8049\" alt=\"Logo repr\u00e9sentant la devise du franc suisse, illustrant le service de droit fiscal propos\u00e9 \u00e0 Gen\u00e8ve par l\u2019\u00e9tude d\u2019avocats ABT Avocats.\" \/>\t\t\t\t\t\t\t\t<\/a>\n\t\t\t\t\t\t\t\t\t\t\t\t\t\t\t<\/div>\n\t\t\t\t<\/div>\n\t\t\t\t<div class=\"elementor-element elementor-element-5e1bbeea elementor-widget elementor-widget-pxl_text_editor\" data-id=\"5e1bbeea\" data-element_type=\"widget\" data-widget_type=\"pxl_text_editor.default\">\n\t\t\t\t<div class=\"elementor-widget-container\">\n\t\t\t\t\t<div id=\"pxl_text_editor-5e1bbeea-3878\" class=\"pxl-image-wg\" duration=\"1\">\n\t<div class=\"pxl-text-editor\">\n\t\t<div class=\"pxl-item--inner \" data-wow-delay=\"ms\">\n\t\t\t<h3><a href=\"\/en\/tax-law\">Tax Law<\/a><\/h3>\t\t\n\t\t<\/div>\n\t<\/div>\n<\/div>\t\t\t\t<\/div>\n\t\t\t\t<\/div>\n\t\t\t\t<div class=\"elementor-element elementor-element-740afb75 elementor-widget elementor-widget-pxl_text_editor\" data-id=\"740afb75\" data-element_type=\"widget\" data-widget_type=\"pxl_text_editor.default\">\n\t\t\t\t<div class=\"elementor-widget-container\">\n\t\t\t\t\t<div id=\"pxl_text_editor-740afb75-7912\" class=\"pxl-image-wg\" duration=\"1\">\n\t<div class=\"pxl-text-editor\">\n\t\t<div class=\"pxl-item--inner \" data-wow-delay=\"ms\">\n\t\t\t<p><a href=\"\/en\/tax-law\" data-wplink-edit=\"true\">Learn More<\/a><\/p>\t\t\n\t\t<\/div>\n\t<\/div>\n<\/div>\t\t\t\t<\/div>\n\t\t\t\t<\/div>\n\t\t            <\/div>\r\n        <\/div>\r\n                <div class=\"elementor-column elementor-col-33 elementor-top-column elementor-element elementor-element-7a900a8 pxl-column-none pxl-column-overflow-hidden-no\" data-id=\"7a900a8\" data-element_type=\"column\">\r\n        <div class=\"elementor-widget-wrap elementor-element-populated\">\r\n                     \r\n        \t\t<div class=\"elementor-element elementor-element-6db1104 elementor-widget elementor-widget-image\" data-id=\"6db1104\" data-element_type=\"widget\" data-widget_type=\"image.default\">\n\t\t\t\t<div class=\"elementor-widget-container\">\n\t\t\t\t\t\t\t\t\t\t\t\t\t\t\t\t<a href=\"\/en\/judicial-litigation\">\n\t\t\t\t\t\t\t<img decoding=\"async\" width=\"1\" height=\"1\" src=\"https:\/\/abtavocats.ch\/app\/uploads\/2025\/03\/contentieux-judiciaire-geneve_62748e-20pt_svgrepo.svg\" class=\"attachment-large size-large wp-image-8046\" alt=\"Logo repr\u00e9sentant une balance de la justice, illustrant le service de contentieux judiciaire propos\u00e9 \u00e0 Gen\u00e8ve par l\u2019\u00e9tude d\u2019avocats ABT Avocats.\" \/>\t\t\t\t\t\t\t\t<\/a>\n\t\t\t\t\t\t\t\t\t\t\t\t\t\t\t<\/div>\n\t\t\t\t<\/div>\n\t\t\t\t<div class=\"elementor-element elementor-element-9a95c31 elementor-widget elementor-widget-pxl_text_editor\" data-id=\"9a95c31\" data-element_type=\"widget\" data-widget_type=\"pxl_text_editor.default\">\n\t\t\t\t<div class=\"elementor-widget-container\">\n\t\t\t\t\t<div id=\"pxl_text_editor-9a95c31-1929\" class=\"pxl-image-wg\" duration=\"1\">\n\t<div class=\"pxl-text-editor\">\n\t\t<div class=\"pxl-item--inner \" data-wow-delay=\"ms\">\n\t\t\t<h3><a href=\"\/en\/judicial-litigation\">Litigation<\/a><\/h3>\t\t\n\t\t<\/div>\n\t<\/div>\n<\/div>\t\t\t\t<\/div>\n\t\t\t\t<\/div>\n\t\t\t\t<div class=\"elementor-element elementor-element-ca445c7 elementor-widget elementor-widget-pxl_text_editor\" data-id=\"ca445c7\" data-element_type=\"widget\" data-widget_type=\"pxl_text_editor.default\">\n\t\t\t\t<div class=\"elementor-widget-container\">\n\t\t\t\t\t<div id=\"pxl_text_editor-ca445c7-7514\" class=\"pxl-image-wg\" duration=\"1\">\n\t<div class=\"pxl-text-editor\">\n\t\t<div class=\"pxl-item--inner \" data-wow-delay=\"ms\">\n\t\t\t<p><a href=\"\/en\/judicial-litigation\" data-wplink-edit=\"true\">Learn More<\/a><\/p>\t\t\n\t\t<\/div>\n\t<\/div>\n<\/div>\t\t\t\t<\/div>\n\t\t\t\t<\/div>\n\t\t            <\/div>\r\n        <\/div>\r\n        \t\t\t<\/div>\n\t\t<\/section>\n\t\t\t\t<\/div>\n\t\t","protected":false},"excerpt":{"rendered":"<p>Business Law The firm provides legal assistance to clients in the implementation of their business projects and in commercial disputes. It offers guidance on the most effective approach to conducting transactions, drafts the necessary documents (commercial contracts, shareholder agreements, articles of incorporation, etc.), and supports clients at every stage of the process, including due diligence, [&hellip;]<\/p>\n","protected":false},"author":3,"featured_media":8435,"parent":0,"menu_order":0,"comment_status":"closed","ping_status":"closed","template":"","meta":{"footnotes":""},"class_list":["post-8492","page","type-page","status-publish","has-post-thumbnail","hentry"],"yoast_head":"<!-- This site is optimized with the Yoast SEO plugin v24.8.1 - https:\/\/yoast.com\/wordpress\/plugins\/seo\/ -->\n<title>Business Law | ABT Avocats<\/title>\n<meta name=\"description\" content=\"ABT Avocats, specialized in business law, provides legal assistance to clients in their business projects and in commercial disputes.\" \/>\n<meta name=\"robots\" content=\"index, follow, max-snippet:-1, max-image-preview:large, max-video-preview:-1\" \/>\n<link rel=\"canonical\" href=\"https:\/\/abtavocats.ch\/en\/business-law\/\" \/>\n<meta property=\"og:locale\" content=\"en_US\" \/>\n<meta property=\"og:type\" content=\"article\" \/>\n<meta property=\"og:title\" content=\"Business Law | ABT Avocats\" \/>\n<meta property=\"og:description\" content=\"ABT Avocats, specialized in business law, provides legal assistance to clients in their business projects and in commercial disputes.\" \/>\n<meta property=\"og:url\" content=\"https:\/\/abtavocats.ch\/en\/business-law\/\" \/>\n<meta property=\"og:site_name\" content=\"ABT Avocats\" \/>\n<meta property=\"article:modified_time\" content=\"2025-05-19T16:20:24+00:00\" \/>\n<meta property=\"og:image\" content=\"https:\/\/abtavocats.ch\/app\/uploads\/2025\/04\/ABT-avocats-geneve_Etude.jpg\" \/>\n\t<meta property=\"og:image:width\" content=\"1200\" \/>\n\t<meta property=\"og:image:height\" content=\"630\" \/>\n\t<meta property=\"og:image:type\" content=\"image\/jpeg\" \/>\n<meta name=\"twitter:card\" content=\"summary_large_image\" \/>\n<meta name=\"twitter:label1\" content=\"Est. reading time\" \/>\n\t<meta name=\"twitter:data1\" content=\"1 minute\" \/>\n<script type=\"application\/ld+json\" class=\"yoast-schema-graph\">{\"@context\":\"https:\/\/schema.org\",\"@graph\":[{\"@type\":\"WebPage\",\"@id\":\"https:\/\/abtavocats.ch\/en\/business-law\/\",\"url\":\"https:\/\/abtavocats.ch\/en\/business-law\/\",\"name\":\"Business Law | ABT Avocats\",\"isPartOf\":{\"@id\":\"https:\/\/abtavocats.ch\/en\/#website\"},\"primaryImageOfPage\":{\"@id\":\"https:\/\/abtavocats.ch\/en\/business-law\/#primaryimage\"},\"image\":{\"@id\":\"https:\/\/abtavocats.ch\/en\/business-law\/#primaryimage\"},\"thumbnailUrl\":\"https:\/\/abtavocats.ch\/app\/uploads\/2025\/04\/ABT-avocats-geneve_Etude.jpg\",\"datePublished\":\"2024-12-11T16:42:44+00:00\",\"dateModified\":\"2025-05-19T16:20:24+00:00\",\"description\":\"ABT Avocats, specialized in business law, provides legal assistance to clients in their business projects and in commercial disputes.\",\"breadcrumb\":{\"@id\":\"https:\/\/abtavocats.ch\/en\/business-law\/#breadcrumb\"},\"inLanguage\":\"en-US\",\"potentialAction\":[{\"@type\":\"ReadAction\",\"target\":[\"https:\/\/abtavocats.ch\/en\/business-law\/\"]}]},{\"@type\":\"ImageObject\",\"inLanguage\":\"en-US\",\"@id\":\"https:\/\/abtavocats.ch\/en\/business-law\/#primaryimage\",\"url\":\"https:\/\/abtavocats.ch\/app\/uploads\/2025\/04\/ABT-avocats-geneve_Etude.jpg\",\"contentUrl\":\"https:\/\/abtavocats.ch\/app\/uploads\/2025\/04\/ABT-avocats-geneve_Etude.jpg\",\"width\":1200,\"height\":630,\"caption\":\"Logo ABT avocats, a law firm in Geneva, specializing in tax law, real estate law, and business law.\"},{\"@type\":\"BreadcrumbList\",\"@id\":\"https:\/\/abtavocats.ch\/en\/business-law\/#breadcrumb\",\"itemListElement\":[{\"@type\":\"ListItem\",\"position\":1,\"name\":\"Home\",\"item\":\"https:\/\/abtavocats.ch\/en\/\"},{\"@type\":\"ListItem\",\"position\":2,\"name\":\"Business Law\"}]},{\"@type\":\"WebSite\",\"@id\":\"https:\/\/abtavocats.ch\/en\/#website\",\"url\":\"https:\/\/abtavocats.ch\/en\/\",\"name\":\"ABT Avocats\",\"description\":\"Etude d&#039;avocats \u00e0 Gen\u00e8ve\",\"publisher\":{\"@id\":\"https:\/\/abtavocats.ch\/en\/#organization\"},\"potentialAction\":[{\"@type\":\"SearchAction\",\"target\":{\"@type\":\"EntryPoint\",\"urlTemplate\":\"https:\/\/abtavocats.ch\/en\/?s={search_term_string}\"},\"query-input\":{\"@type\":\"PropertyValueSpecification\",\"valueRequired\":true,\"valueName\":\"search_term_string\"}}],\"inLanguage\":\"en-US\"},{\"@type\":\"Organization\",\"@id\":\"https:\/\/abtavocats.ch\/en\/#organization\",\"name\":\"ABT Avocats\",\"url\":\"https:\/\/abtavocats.ch\/en\/\",\"logo\":{\"@type\":\"ImageObject\",\"inLanguage\":\"en-US\",\"@id\":\"https:\/\/abtavocats.ch\/en\/#\/schema\/logo\/image\/\",\"url\":\"https:\/\/abtavocats.ch\/app\/uploads\/2024\/03\/Logo-ABT_Avocats.png\",\"contentUrl\":\"https:\/\/abtavocats.ch\/app\/uploads\/2024\/03\/Logo-ABT_Avocats.png\",\"width\":496,\"height\":192,\"caption\":\"ABT Avocats\"},\"image\":{\"@id\":\"https:\/\/abtavocats.ch\/en\/#\/schema\/logo\/image\/\"},\"sameAs\":[\"https:\/\/www.linkedin.com\/company\/abt-avocats\/\"]}]}<\/script>\n<!-- \/ Yoast SEO plugin. -->","yoast_head_json":{"title":"Business Law | ABT Avocats","description":"ABT Avocats, specialized in business law, provides legal assistance to clients in their business projects and in commercial disputes.","robots":{"index":"index","follow":"follow","max-snippet":"max-snippet:-1","max-image-preview":"max-image-preview:large","max-video-preview":"max-video-preview:-1"},"canonical":"https:\/\/abtavocats.ch\/en\/business-law\/","og_locale":"en_US","og_type":"article","og_title":"Business Law | ABT Avocats","og_description":"ABT Avocats, specialized in business law, provides legal assistance to clients in their business projects and in commercial disputes.","og_url":"https:\/\/abtavocats.ch\/en\/business-law\/","og_site_name":"ABT Avocats","article_modified_time":"2025-05-19T16:20:24+00:00","og_image":[{"width":1200,"height":630,"url":"https:\/\/abtavocats.ch\/app\/uploads\/2025\/04\/ABT-avocats-geneve_Etude.jpg","type":"image\/jpeg"}],"twitter_card":"summary_large_image","twitter_misc":{"Est. reading time":"1 minute"},"schema":{"@context":"https:\/\/schema.org","@graph":[{"@type":"WebPage","@id":"https:\/\/abtavocats.ch\/en\/business-law\/","url":"https:\/\/abtavocats.ch\/en\/business-law\/","name":"Business Law | ABT Avocats","isPartOf":{"@id":"https:\/\/abtavocats.ch\/en\/#website"},"primaryImageOfPage":{"@id":"https:\/\/abtavocats.ch\/en\/business-law\/#primaryimage"},"image":{"@id":"https:\/\/abtavocats.ch\/en\/business-law\/#primaryimage"},"thumbnailUrl":"https:\/\/abtavocats.ch\/app\/uploads\/2025\/04\/ABT-avocats-geneve_Etude.jpg","datePublished":"2024-12-11T16:42:44+00:00","dateModified":"2025-05-19T16:20:24+00:00","description":"ABT Avocats, specialized in business law, provides legal assistance to clients in their business projects and in commercial disputes.","breadcrumb":{"@id":"https:\/\/abtavocats.ch\/en\/business-law\/#breadcrumb"},"inLanguage":"en-US","potentialAction":[{"@type":"ReadAction","target":["https:\/\/abtavocats.ch\/en\/business-law\/"]}]},{"@type":"ImageObject","inLanguage":"en-US","@id":"https:\/\/abtavocats.ch\/en\/business-law\/#primaryimage","url":"https:\/\/abtavocats.ch\/app\/uploads\/2025\/04\/ABT-avocats-geneve_Etude.jpg","contentUrl":"https:\/\/abtavocats.ch\/app\/uploads\/2025\/04\/ABT-avocats-geneve_Etude.jpg","width":1200,"height":630,"caption":"Logo ABT avocats, a law firm in Geneva, specializing in tax law, real estate law, and business law."},{"@type":"BreadcrumbList","@id":"https:\/\/abtavocats.ch\/en\/business-law\/#breadcrumb","itemListElement":[{"@type":"ListItem","position":1,"name":"Home","item":"https:\/\/abtavocats.ch\/en\/"},{"@type":"ListItem","position":2,"name":"Business Law"}]},{"@type":"WebSite","@id":"https:\/\/abtavocats.ch\/en\/#website","url":"https:\/\/abtavocats.ch\/en\/","name":"ABT Avocats","description":"Etude d&#039;avocats \u00e0 Gen\u00e8ve","publisher":{"@id":"https:\/\/abtavocats.ch\/en\/#organization"},"potentialAction":[{"@type":"SearchAction","target":{"@type":"EntryPoint","urlTemplate":"https:\/\/abtavocats.ch\/en\/?s={search_term_string}"},"query-input":{"@type":"PropertyValueSpecification","valueRequired":true,"valueName":"search_term_string"}}],"inLanguage":"en-US"},{"@type":"Organization","@id":"https:\/\/abtavocats.ch\/en\/#organization","name":"ABT Avocats","url":"https:\/\/abtavocats.ch\/en\/","logo":{"@type":"ImageObject","inLanguage":"en-US","@id":"https:\/\/abtavocats.ch\/en\/#\/schema\/logo\/image\/","url":"https:\/\/abtavocats.ch\/app\/uploads\/2024\/03\/Logo-ABT_Avocats.png","contentUrl":"https:\/\/abtavocats.ch\/app\/uploads\/2024\/03\/Logo-ABT_Avocats.png","width":496,"height":192,"caption":"ABT Avocats"},"image":{"@id":"https:\/\/abtavocats.ch\/en\/#\/schema\/logo\/image\/"},"sameAs":["https:\/\/www.linkedin.com\/company\/abt-avocats\/"]}]}},"_links":{"self":[{"href":"https:\/\/abtavocats.ch\/en\/wp-json\/wp\/v2\/pages\/8492","targetHints":{"allow":["GET"]}}],"collection":[{"href":"https:\/\/abtavocats.ch\/en\/wp-json\/wp\/v2\/pages"}],"about":[{"href":"https:\/\/abtavocats.ch\/en\/wp-json\/wp\/v2\/types\/page"}],"author":[{"embeddable":true,"href":"https:\/\/abtavocats.ch\/en\/wp-json\/wp\/v2\/users\/3"}],"replies":[{"embeddable":true,"href":"https:\/\/abtavocats.ch\/en\/wp-json\/wp\/v2\/comments?post=8492"}],"version-history":[{"count":20,"href":"https:\/\/abtavocats.ch\/en\/wp-json\/wp\/v2\/pages\/8492\/revisions"}],"predecessor-version":[{"id":8640,"href":"https:\/\/abtavocats.ch\/en\/wp-json\/wp\/v2\/pages\/8492\/revisions\/8640"}],"wp:featuredmedia":[{"embeddable":true,"href":"https:\/\/abtavocats.ch\/en\/wp-json\/wp\/v2\/media\/8435"}],"wp:attachment":[{"href":"https:\/\/abtavocats.ch\/en\/wp-json\/wp\/v2\/media?parent=8492"}],"curies":[{"name":"wp","href":"https:\/\/api.w.org\/{rel}","templated":true}]}}