{"id":8674,"date":"2025-08-28T23:05:28","date_gmt":"2025-08-28T21:05:28","guid":{"rendered":"https:\/\/abtavocats.ch\/me-timothe-aebischer\/"},"modified":"2025-09-26T10:51:07","modified_gmt":"2025-09-26T08:51:07","slug":"timothe-aebischer","status":"publish","type":"page","link":"https:\/\/abtavocats.ch\/en\/timothe-aebischer\/","title":{"rendered":"Timoth\u00e9 Aebischer"},"content":{"rendered":"\t\t<div data-elementor-type=\"wp-page\" data-elementor-id=\"8674\" class=\"elementor elementor-8674 elementor-8660\">\n\t\t\t\t        <section class=\"elementor-section elementor-top-section elementor-element elementor-element-1e9b03ac elementor-section-stretched pxl-row-scroll-fixed elementor-section-boxed elementor-section-height-default elementor-section-height-default pxl-bg-color-none pxl-section-overlay-none\" data-id=\"1e9b03ac\" data-element_type=\"section\" data-settings=\"{&quot;stretch_section&quot;:&quot;section-stretched&quot;,&quot;background_background&quot;:&quot;classic&quot;}\">\n\n                            <div class=\"elementor-background-overlay\"><\/div>\n            \n                <div class=\"elementor-container elementor-column-gap-wider \">\n                <div class=\"elementor-column elementor-col-50 elementor-top-column elementor-element elementor-element-54bee6c4 pxl-column-sticky pxl-column-overflow-hidden-no\" data-id=\"54bee6c4\" data-element_type=\"column\">\r\n        <div class=\"elementor-widget-wrap elementor-element-populated\">\r\n                     \r\n        \t\t<div class=\"elementor-element elementor-element-4f6b9ea6 elementor-widget elementor-widget-pxl_image\" data-id=\"4f6b9ea6\" data-element_type=\"widget\" data-widget_type=\"pxl_image.default\">\n\t\t\t\t<div class=\"elementor-widget-container\">\n\t\t\t\t\t<div id=\"pxl_image-4f6b9ea6-1986\" class=\"pxl-image-single pxl-disable-parallax-sm   \" data-wow-delay=\"ms\"  >\r\n    <div class=\"pxl-item--inner \" data-wow-delay=\"120ms\">\r\n        \r\n                                <div class=\"pxl-item--image\" data-parallax-value=\"\">\r\n                                                     <img fetchpriority=\"high\" decoding=\"async\" width=\"1310\" height=\"1310\" src=\"https:\/\/abtavocats.ch\/app\/uploads\/2025\/09\/timothe-aebischer_abt-avocats_geneva_13101310.jpg\" class=\"no-lazyload attachment-full\" alt=\"Timoth\u00e9 Aebischer, avocat stagiaire chez ABT Avocats \u00e0 Gen\u00e8ve\" \/>                                            <\/div>\r\n                            \r\n            <\/div>\r\n<\/div>\t\t\t\t<\/div>\n\t\t\t\t<\/div>\n\t\t            <\/div>\r\n        <\/div>\r\n                <div class=\"elementor-column elementor-col-50 elementor-top-column elementor-element elementor-element-1a059ea2 pxl-column-none pxl-column-overflow-hidden-no\" data-id=\"1a059ea2\" data-element_type=\"column\">\r\n        <div class=\"elementor-widget-wrap elementor-element-populated\">\r\n                     \r\n        \t\t<div class=\"elementor-element elementor-element-36c51c13 elementor-widget elementor-widget-pxl_text_editor\" data-id=\"36c51c13\" data-element_type=\"widget\" data-widget_type=\"pxl_text_editor.default\">\n\t\t\t\t<div class=\"elementor-widget-container\">\n\t\t\t\t\t<div id=\"pxl_text_editor-36c51c13-8842\" class=\"pxl-image-wg\" duration=\"1\">\n\t<div class=\"pxl-text-editor\">\n\t\t<div class=\"pxl-item--inner \" data-wow-delay=\"ms\">\n\t\t\t<h1><span style=\"color: #003562\">Timoth\u00e9 Aebischer\n<\/span><\/h1>\t\t\n\t\t<\/div>\n\t<\/div>\n<\/div>\t\t\t\t<\/div>\n\t\t\t\t<\/div>\n\t\t\t\t<div class=\"elementor-element elementor-element-7c601026 elementor-widget elementor-widget-pxl_text_editor\" data-id=\"7c601026\" data-element_type=\"widget\" data-widget_type=\"pxl_text_editor.default\">\n\t\t\t\t<div class=\"elementor-widget-container\">\n\t\t\t\t\t<div id=\"pxl_text_editor-7c601026-3081\" class=\"pxl-image-wg\" duration=\"1\">\n\t<div class=\"pxl-text-editor\">\n\t\t<div class=\"pxl-item--inner \" data-wow-delay=\"ms\">\n\t\t\t<h2><span style=\"font-size: 24px;color: #ff8e6a\">Attorney Trainee | MA Law and Economics<\/span><\/h2>\t\t\n\t\t<\/div>\n\t<\/div>\n<\/div>\t\t\t\t<\/div>\n\t\t\t\t<\/div>\n\t\t\t\t<div class=\"elementor-element elementor-element-c03de6c elementor-widget elementor-widget-pxl_text_editor\" data-id=\"c03de6c\" data-element_type=\"widget\" data-widget_type=\"pxl_text_editor.default\">\n\t\t\t\t<div class=\"elementor-widget-container\">\n\t\t\t\t\t<div id=\"pxl_text_editor-c03de6c-8657\" class=\"pxl-image-wg\" duration=\"1\">\n\t<div class=\"pxl-text-editor\">\n\t\t<div class=\"pxl-item--inner \" data-wow-delay=\"ms\">\n\t\t\t<p>Timoth\u00e9 Aebischer has held the Certificate of Specialisation in Legal Professions since July 2025.<\/p><p>In February 2025, he\u00a0earned a Master\u2019s\u00a0degree in Law and Economics\u00a0with a double\u00a0specialisation in Tax and Financial Law, awarded\u00a0jointly by the Faculty of Law and the Faculty of Business and Economics (HEC) of the University of Lausanne. This interdisciplinary program enabled\u00a0him to strengthen\u00a0his\u00a0legal expertise while\u00a0acquiring\u00a0valuable\u00a0skills in fields\u00a0such as accounting and finance.<\/p><p>He joined ABT Avocats in September 2025 as a trainee\u00a0lawyer.<\/p>\t\t\n\t\t<\/div>\n\t<\/div>\n<\/div>\t\t\t\t<\/div>\n\t\t\t\t<\/div>\n\t\t\t\t<div class=\"elementor-element elementor-element-880b16e elementor-widget elementor-widget-pxl_accordion\" data-id=\"880b16e\" data-element_type=\"widget\" data-widget_type=\"pxl_accordion.default\">\n\t\t\t\t<div class=\"elementor-widget-container\">\n\t\t\t\t\t    <div class=\"pxl-accordion pxl-accordion1 style1 \" data-wow-delay=\"ms\">\r\n                    <div class=\"pxl--item \">\r\n                <h3 class=\"pxl-item--title\" data-target=\"#pxl_accordion-880b16e-3004-a30b582\">\r\n                    <div class=\"pxl-content\">\r\n                        <span class=\"pxl-title--text\">Education<\/span>\r\n                    <\/div>\r\n                    <div class=\"pxl-icon\">\r\n                         <i class=\"pxl-icon--plus\"><\/i>\r\n                    <\/div>\r\n                <\/h3>\r\n                <div id=\"pxl_accordion-880b16e-3004-a30b582\" class=\"pxl-item--content\" >Certificate of Specialisation in Legal Professions, University of Geneva (2025)<br \/>\n<br \/>\nMaster in Law and Economics, with a focus on Tax and Financial Law, University of Lausanne (2025)<br \/>\n<br \/>\nCertificate in Leadership, Swiss Association for Executive Training (2022)<br \/>\n<br \/>\nBachelor in International Relations, with a focus on Law and an exchange semester at Boston University, University of Geneva (2022)<br \/>\n<br \/>\nPromotion diploma to the rank of Sergeant, Military Police Grenadier, Swiss Armed Forces (2018)<br \/>\n<\/div>\r\n            <\/div>\r\n                    <div class=\"pxl--item \">\r\n                <h3 class=\"pxl-item--title\" data-target=\"#pxl_accordion-880b16e-3004-f0fe614\">\r\n                    <div class=\"pxl-content\">\r\n                        <span class=\"pxl-title--text\">Professional Affiliations<\/span>\r\n                    <\/div>\r\n                    <div class=\"pxl-icon\">\r\n                         <i class=\"pxl-icon--plus\"><\/i>\r\n                    <\/div>\r\n                <\/h3>\r\n                <div id=\"pxl_accordion-880b16e-3004-f0fe614\" class=\"pxl-item--content\" >Geneva Bar Association<br \/>\n<br \/>\nSwiss Bar Association<\/div>\r\n            <\/div>\r\n                    <div class=\"pxl--item \">\r\n                <h3 class=\"pxl-item--title\" data-target=\"#pxl_accordion-880b16e-3004-6735d7c\">\r\n                    <div class=\"pxl-content\">\r\n                        <span class=\"pxl-title--text\">Languages<\/span>\r\n                    <\/div>\r\n                    <div class=\"pxl-icon\">\r\n                         <i class=\"pxl-icon--plus\"><\/i>\r\n                    <\/div>\r\n                <\/h3>\r\n                <div id=\"pxl_accordion-880b16e-3004-6735d7c\" class=\"pxl-item--content\" >French<br \/>\n<br \/>\nEnglish<br \/>\n<br \/>\nSpanish<br \/>\n<br \/>\nGerman<br \/>\n<br \/>\nKhmer<br \/>\n<br \/>\nMandarin<\/div>\r\n            <\/div>\r\n            <\/div>\r\n\t\t\t\t<\/div>\n\t\t\t\t<\/div>\n\t\t\t\t<div class=\"elementor-element elementor-element-280251c6 elementor-widget elementor-widget-pxl_text_editor\" data-id=\"280251c6\" data-element_type=\"widget\" data-widget_type=\"pxl_text_editor.default\">\n\t\t\t\t<div class=\"elementor-widget-container\">\n\t\t\t\t\t<div id=\"pxl_text_editor-280251c6-6727\" class=\"pxl-image-wg\" duration=\"1\">\n\t<div class=\"pxl-text-editor\">\n\t\t<div class=\"pxl-item--inner \" data-wow-delay=\"ms\">\n\t\t\t<h3><span style=\"color: #3f3f3f\">Contact Information<\/span><\/h3>\t\t\n\t\t<\/div>\n\t<\/div>\n<\/div>\t\t\t\t<\/div>\n\t\t\t\t<\/div>\n\t\t\t\t<div class=\"elementor-element elementor-element-6ace9c93 elementor-widget elementor-widget-pxl_text_editor\" data-id=\"6ace9c93\" data-element_type=\"widget\" data-widget_type=\"pxl_text_editor.default\">\n\t\t\t\t<div class=\"elementor-widget-container\">\n\t\t\t\t\t<div id=\"pxl_text_editor-6ace9c93-2946\" class=\"pxl-image-wg\" duration=\"1\">\n\t<div class=\"pxl-text-editor\">\n\t\t<div class=\"pxl-item--inner \" data-wow-delay=\"ms\">\n\t\t\t<p>Email :\u00a0 <a href=\"mailto:t.aebischer@abtavocats.ch\">t.aebischer@abtavocats.ch<\/a><\/p><p>Phone : <a href=\"tel:0041228881719\">+41 (0) 22 888 17 19<\/a><\/p>\t\t\n\t\t<\/div>\n\t<\/div>\n<\/div>\t\t\t\t<\/div>\n\t\t\t\t<\/div>\n\t\t\t\t<div class=\"elementor-element elementor-element-1d0ba59 elementor-widget elementor-widget-button\" data-id=\"1d0ba59\" data-element_type=\"widget\" data-widget_type=\"button.default\">\n\t\t\t\t<div class=\"elementor-widget-container\">\n\t\t\t\t\t\t\t\t\t<div class=\"elementor-button-wrapper\">\n\t\t\t\t\t<a class=\"elementor-button elementor-button-link elementor-size-sm\" href=\"\/app\/uploads\/2025\/09\/timothe.vcf\">\n\t\t\t\t\t\t<span class=\"elementor-button-content-wrapper\">\n\t\t\t\t\t\t\t\t\t<span class=\"elementor-button-text\">Save Contact (vCard, VCF)<\/span>\n\t\t\t\t\t<\/span>\n\t\t\t\t\t<\/a>\n\t\t\t\t<\/div>\n\t\t\t\t\t\t\t\t<\/div>\n\t\t\t\t<\/div>\n\t\t            <\/div>\r\n        <\/div>\r\n        \t\t\t<\/div>\n\t\t<\/section>\n\t\t\t\t<\/div>\n\t\t","protected":false},"excerpt":{"rendered":"<p>Timoth\u00e9 Aebischer Attorney Trainee | MA Law and Economics Timoth\u00e9 Aebischer has held the Certificate of Specialisation in Legal Professions since July 2025. In February 2025, he\u00a0earned a Master\u2019s\u00a0degree in Law and Economics\u00a0with a double\u00a0specialisation in Tax and Financial Law, awarded\u00a0jointly by the Faculty of Law and the Faculty of Business and Economics (HEC) of [&hellip;]<\/p>\n","protected":false},"author":2,"featured_media":8844,"parent":0,"menu_order":0,"comment_status":"closed","ping_status":"closed","template":"","meta":{"footnotes":""},"class_list":["post-8674","page","type-page","status-publish","has-post-thumbnail","hentry"],"yoast_head":"<!-- This site is optimized with the Yoast SEO plugin v24.8.1 - https:\/\/yoast.com\/wordpress\/plugins\/seo\/ -->\n<title>Timoth\u00e9 Aebischer | ABT Avocats<\/title>\n<meta name=\"description\" content=\"Timoth\u00e9 Aebischer has held the Certificate of Specialisation in Legal Professions since July 2025. Attorney at Law. Geneva.\" \/>\n<meta name=\"robots\" content=\"index, follow, max-snippet:-1, max-image-preview:large, max-video-preview:-1\" \/>\n<link rel=\"canonical\" href=\"https:\/\/abtavocats.ch\/en\/timothe-aebischer\/\" \/>\n<meta property=\"og:locale\" content=\"en_US\" \/>\n<meta property=\"og:type\" content=\"article\" \/>\n<meta property=\"og:title\" content=\"Timoth\u00e9 Aebischer | ABT Avocats\" \/>\n<meta property=\"og:description\" content=\"Timoth\u00e9 Aebischer has held the Certificate of Specialisation in Legal Professions since July 2025. Attorney at Law. Geneva.\" \/>\n<meta property=\"og:url\" content=\"https:\/\/abtavocats.ch\/en\/timothe-aebischer\/\" \/>\n<meta property=\"og:site_name\" content=\"ABT Avocats\" \/>\n<meta property=\"article:modified_time\" content=\"2025-09-26T08:51:07+00:00\" \/>\n<meta property=\"og:image\" content=\"https:\/\/abtavocats.ch\/app\/uploads\/2025\/09\/timothe-aebischer-abt-avocats.jpg\" \/>\n\t<meta property=\"og:image:width\" content=\"1200\" \/>\n\t<meta property=\"og:image:height\" content=\"630\" \/>\n\t<meta property=\"og:image:type\" content=\"image\/jpeg\" \/>\n<meta name=\"twitter:card\" content=\"summary_large_image\" \/>\n<meta name=\"twitter:label1\" content=\"Est. reading time\" \/>\n\t<meta name=\"twitter:data1\" content=\"1 minute\" \/>\n<script type=\"application\/ld+json\" class=\"yoast-schema-graph\">{\"@context\":\"https:\/\/schema.org\",\"@graph\":[{\"@type\":\"WebPage\",\"@id\":\"https:\/\/abtavocats.ch\/en\/timothe-aebischer\/\",\"url\":\"https:\/\/abtavocats.ch\/en\/timothe-aebischer\/\",\"name\":\"Timoth\u00e9 Aebischer | ABT Avocats\",\"isPartOf\":{\"@id\":\"https:\/\/abtavocats.ch\/en\/#website\"},\"primaryImageOfPage\":{\"@id\":\"https:\/\/abtavocats.ch\/en\/timothe-aebischer\/#primaryimage\"},\"image\":{\"@id\":\"https:\/\/abtavocats.ch\/en\/timothe-aebischer\/#primaryimage\"},\"thumbnailUrl\":\"https:\/\/abtavocats.ch\/app\/uploads\/2025\/09\/timothe-aebischer-abt-avocats.jpg\",\"datePublished\":\"2025-08-28T21:05:28+00:00\",\"dateModified\":\"2025-09-26T08:51:07+00:00\",\"description\":\"Timoth\u00e9 Aebischer has held the Certificate of Specialisation in Legal Professions since July 2025. Attorney at Law. Geneva.\",\"breadcrumb\":{\"@id\":\"https:\/\/abtavocats.ch\/en\/timothe-aebischer\/#breadcrumb\"},\"inLanguage\":\"en-US\",\"potentialAction\":[{\"@type\":\"ReadAction\",\"target\":[\"https:\/\/abtavocats.ch\/en\/timothe-aebischer\/\"]}]},{\"@type\":\"ImageObject\",\"inLanguage\":\"en-US\",\"@id\":\"https:\/\/abtavocats.ch\/en\/timothe-aebischer\/#primaryimage\",\"url\":\"https:\/\/abtavocats.ch\/app\/uploads\/2025\/09\/timothe-aebischer-abt-avocats.jpg\",\"contentUrl\":\"https:\/\/abtavocats.ch\/app\/uploads\/2025\/09\/timothe-aebischer-abt-avocats.jpg\",\"width\":1200,\"height\":630,\"caption\":\"Timoth\u00e9 Aebischer, avocat stagiaire chez ABT Avocats \u00e0 Gen\u00e8ve\"},{\"@type\":\"BreadcrumbList\",\"@id\":\"https:\/\/abtavocats.ch\/en\/timothe-aebischer\/#breadcrumb\",\"itemListElement\":[{\"@type\":\"ListItem\",\"position\":1,\"name\":\"Home\",\"item\":\"https:\/\/abtavocats.ch\/en\/\"},{\"@type\":\"ListItem\",\"position\":2,\"name\":\"Timoth\u00e9 Aebischer\"}]},{\"@type\":\"WebSite\",\"@id\":\"https:\/\/abtavocats.ch\/en\/#website\",\"url\":\"https:\/\/abtavocats.ch\/en\/\",\"name\":\"ABT Avocats\",\"description\":\"Etude d&#039;avocats \u00e0 Gen\u00e8ve\",\"publisher\":{\"@id\":\"https:\/\/abtavocats.ch\/en\/#organization\"},\"potentialAction\":[{\"@type\":\"SearchAction\",\"target\":{\"@type\":\"EntryPoint\",\"urlTemplate\":\"https:\/\/abtavocats.ch\/en\/?s={search_term_string}\"},\"query-input\":{\"@type\":\"PropertyValueSpecification\",\"valueRequired\":true,\"valueName\":\"search_term_string\"}}],\"inLanguage\":\"en-US\"},{\"@type\":\"Organization\",\"@id\":\"https:\/\/abtavocats.ch\/en\/#organization\",\"name\":\"ABT Avocats\",\"url\":\"https:\/\/abtavocats.ch\/en\/\",\"logo\":{\"@type\":\"ImageObject\",\"inLanguage\":\"en-US\",\"@id\":\"https:\/\/abtavocats.ch\/en\/#\/schema\/logo\/image\/\",\"url\":\"https:\/\/abtavocats.ch\/app\/uploads\/2024\/03\/Logo-ABT_Avocats.png\",\"contentUrl\":\"https:\/\/abtavocats.ch\/app\/uploads\/2024\/03\/Logo-ABT_Avocats.png\",\"width\":496,\"height\":192,\"caption\":\"ABT Avocats\"},\"image\":{\"@id\":\"https:\/\/abtavocats.ch\/en\/#\/schema\/logo\/image\/\"},\"sameAs\":[\"https:\/\/www.linkedin.com\/company\/abt-avocats\/\"]}]}<\/script>\n<!-- \/ Yoast SEO plugin. -->","yoast_head_json":{"title":"Timoth\u00e9 Aebischer | ABT Avocats","description":"Timoth\u00e9 Aebischer has held the Certificate of Specialisation in Legal Professions since July 2025. Attorney at Law. Geneva.","robots":{"index":"index","follow":"follow","max-snippet":"max-snippet:-1","max-image-preview":"max-image-preview:large","max-video-preview":"max-video-preview:-1"},"canonical":"https:\/\/abtavocats.ch\/en\/timothe-aebischer\/","og_locale":"en_US","og_type":"article","og_title":"Timoth\u00e9 Aebischer | ABT Avocats","og_description":"Timoth\u00e9 Aebischer has held the Certificate of Specialisation in Legal Professions since July 2025. Attorney at Law. Geneva.","og_url":"https:\/\/abtavocats.ch\/en\/timothe-aebischer\/","og_site_name":"ABT Avocats","article_modified_time":"2025-09-26T08:51:07+00:00","og_image":[{"width":1200,"height":630,"url":"https:\/\/abtavocats.ch\/app\/uploads\/2025\/09\/timothe-aebischer-abt-avocats.jpg","type":"image\/jpeg"}],"twitter_card":"summary_large_image","twitter_misc":{"Est. reading time":"1 minute"},"schema":{"@context":"https:\/\/schema.org","@graph":[{"@type":"WebPage","@id":"https:\/\/abtavocats.ch\/en\/timothe-aebischer\/","url":"https:\/\/abtavocats.ch\/en\/timothe-aebischer\/","name":"Timoth\u00e9 Aebischer | ABT Avocats","isPartOf":{"@id":"https:\/\/abtavocats.ch\/en\/#website"},"primaryImageOfPage":{"@id":"https:\/\/abtavocats.ch\/en\/timothe-aebischer\/#primaryimage"},"image":{"@id":"https:\/\/abtavocats.ch\/en\/timothe-aebischer\/#primaryimage"},"thumbnailUrl":"https:\/\/abtavocats.ch\/app\/uploads\/2025\/09\/timothe-aebischer-abt-avocats.jpg","datePublished":"2025-08-28T21:05:28+00:00","dateModified":"2025-09-26T08:51:07+00:00","description":"Timoth\u00e9 Aebischer has held the Certificate of Specialisation in Legal Professions since July 2025. Attorney at Law. Geneva.","breadcrumb":{"@id":"https:\/\/abtavocats.ch\/en\/timothe-aebischer\/#breadcrumb"},"inLanguage":"en-US","potentialAction":[{"@type":"ReadAction","target":["https:\/\/abtavocats.ch\/en\/timothe-aebischer\/"]}]},{"@type":"ImageObject","inLanguage":"en-US","@id":"https:\/\/abtavocats.ch\/en\/timothe-aebischer\/#primaryimage","url":"https:\/\/abtavocats.ch\/app\/uploads\/2025\/09\/timothe-aebischer-abt-avocats.jpg","contentUrl":"https:\/\/abtavocats.ch\/app\/uploads\/2025\/09\/timothe-aebischer-abt-avocats.jpg","width":1200,"height":630,"caption":"Timoth\u00e9 Aebischer, avocat stagiaire chez ABT Avocats \u00e0 Gen\u00e8ve"},{"@type":"BreadcrumbList","@id":"https:\/\/abtavocats.ch\/en\/timothe-aebischer\/#breadcrumb","itemListElement":[{"@type":"ListItem","position":1,"name":"Home","item":"https:\/\/abtavocats.ch\/en\/"},{"@type":"ListItem","position":2,"name":"Timoth\u00e9 Aebischer"}]},{"@type":"WebSite","@id":"https:\/\/abtavocats.ch\/en\/#website","url":"https:\/\/abtavocats.ch\/en\/","name":"ABT Avocats","description":"Etude d&#039;avocats \u00e0 Gen\u00e8ve","publisher":{"@id":"https:\/\/abtavocats.ch\/en\/#organization"},"potentialAction":[{"@type":"SearchAction","target":{"@type":"EntryPoint","urlTemplate":"https:\/\/abtavocats.ch\/en\/?s={search_term_string}"},"query-input":{"@type":"PropertyValueSpecification","valueRequired":true,"valueName":"search_term_string"}}],"inLanguage":"en-US"},{"@type":"Organization","@id":"https:\/\/abtavocats.ch\/en\/#organization","name":"ABT Avocats","url":"https:\/\/abtavocats.ch\/en\/","logo":{"@type":"ImageObject","inLanguage":"en-US","@id":"https:\/\/abtavocats.ch\/en\/#\/schema\/logo\/image\/","url":"https:\/\/abtavocats.ch\/app\/uploads\/2024\/03\/Logo-ABT_Avocats.png","contentUrl":"https:\/\/abtavocats.ch\/app\/uploads\/2024\/03\/Logo-ABT_Avocats.png","width":496,"height":192,"caption":"ABT Avocats"},"image":{"@id":"https:\/\/abtavocats.ch\/en\/#\/schema\/logo\/image\/"},"sameAs":["https:\/\/www.linkedin.com\/company\/abt-avocats\/"]}]}},"_links":{"self":[{"href":"https:\/\/abtavocats.ch\/en\/wp-json\/wp\/v2\/pages\/8674","targetHints":{"allow":["GET"]}}],"collection":[{"href":"https:\/\/abtavocats.ch\/en\/wp-json\/wp\/v2\/pages"}],"about":[{"href":"https:\/\/abtavocats.ch\/en\/wp-json\/wp\/v2\/types\/page"}],"author":[{"embeddable":true,"href":"https:\/\/abtavocats.ch\/en\/wp-json\/wp\/v2\/users\/2"}],"replies":[{"embeddable":true,"href":"https:\/\/abtavocats.ch\/en\/wp-json\/wp\/v2\/comments?post=8674"}],"version-history":[{"count":23,"href":"https:\/\/abtavocats.ch\/en\/wp-json\/wp\/v2\/pages\/8674\/revisions"}],"predecessor-version":[{"id":8944,"href":"https:\/\/abtavocats.ch\/en\/wp-json\/wp\/v2\/pages\/8674\/revisions\/8944"}],"wp:featuredmedia":[{"embeddable":true,"href":"https:\/\/abtavocats.ch\/en\/wp-json\/wp\/v2\/media\/8844"}],"wp:attachment":[{"href":"https:\/\/abtavocats.ch\/en\/wp-json\/wp\/v2\/media?parent=8674"}],"curies":[{"name":"wp","href":"https:\/\/api.w.org\/{rel}","templated":true}]}}